{"id":9336,"date":"2023-11-27T10:46:27","date_gmt":"2023-11-27T09:46:27","guid":{"rendered":"https:\/\/automobiles-caveng.ch\/mercedes-benz\/new\/?page_id=9336"},"modified":"2023-11-29T11:46:17","modified_gmt":"2023-11-29T10:46:17","slug":"politique-de-cookies","status":"publish","type":"page","link":"https:\/\/www.automobiles-caveng.ch\/mercedes-benz\/politique-de-cookies\/","title":{"rendered":"Politique de cookies"},"content":{"rendered":"\t\t<div data-elementor-type=\"wp-page\" data-elementor-id=\"9336\" class=\"elementor elementor-9336\">\n\t\t\t\t<div class=\"has_eae_slider elementor-element elementor-element-3bbe04f e-flex e-con-boxed e-con e-parent\" data-eae-slider=\"83190\" data-id=\"3bbe04f\" data-element_type=\"container\">\n\t\t\t\t\t<div class=\"e-con-inner\">\n\t\t\t\t<div class=\"elementor-element elementor-element-763846e elementor-widget elementor-widget-text-editor\" data-id=\"763846e\" data-element_type=\"widget\" data-widget_type=\"text-editor.default\">\n\t\t\t\t<div class=\"elementor-widget-container\">\n\t\t\t\t\t\t\t\t\t<h2>D\u00c9CLARATION RELATIVE AUX COOKIES<\/h2><dl class=\"article-info\"><dd class=\"modified\"><time datetime=\"2023-07-10T08:11:40+00:00\">Mis \u00e0 jour au le 1 octobre 2023.<\/time><\/dd><\/dl><div><h2>QUE SONT LES COOKIES ?<\/h2><p>Les cookies sont des petits fichiers de texte qui sont plac\u00e9s sur votre ordinateur par les sites Internet que vous visitez. Ils sont tr\u00e8s utilis\u00e9s pour faire en sorte que les sites fonctionnent, ou fonctionnent de fa\u00e7on plus efficace, ainsi que pour fournir des informations aux propri\u00e9taires du site.\u00a0<\/p><h2>COMMENT ET POURQUOI UTILISONS-NOUS DES COOKIES ?<\/h2><p>Nous utilisons des cookies pour am\u00e9liorer l\u2019utilisation et le fonctionnement de notre site et pour mieux comprendre la fa\u00e7on dont les visiteurs utilisent nos sites et les outils et les services qui sont propos\u00e9s sur notre site. La m\u00e9morisation de cookies sur votre ordinateur est pour nous une fa\u00e7on facile et pratique \u00a0de personnaliser ou d\u2019am\u00e9liorer votre navigation sur notre site et de rendre votre prochaine visite plus agr\u00e9able. Nous n\u2019utilisons pas de cookies pour collecter des informations personnelles telles que votre nom.<\/p><h2 class=\"p1\"><span class=\"s1\">QUE SONT LES SCRIPTS ?<\/span><\/h2><p class=\"p2\"><span class=\"s1\">Un script est un \u00e9l\u00e9ment de code utilis\u00e9 pour que notre site web fonctionne correctement et de mani\u00e8re interactive. Ce code est ex\u00e9cut\u00e9 sur notre serveur ou sur votre appareil.<\/span><\/p><h2 class=\"p1\"><span class=\"s1\">QU\u2019EST-CE QU\u2019UNE BALISE INVISIBLE ?<\/span><\/h2><p class=\"p2\"><span class=\"s1\">Une balise invisible (ou balise web) est un petit morceau de texte ou d\u2019image invisible sur un site web, utilis\u00e9 pour suivre le trafic sur un site web. Pour ce faire, diverses donn\u00e9es vous concernant sont stock\u00e9es \u00e0 l\u2019aide de balises invisibles.<\/span><\/p><h2 class=\"p1\"><span class=\"s1\">TYPE DE COOKIES<\/span><\/h2><h3 class=\"p2\"><span class=\"s1\">COOKIES TECHNIQUES OU FONCTIONNELS<\/span><\/h3><p class=\"p2\"><span class=\"s1\">Certains cookies assurent le fonctionnement correct de certaines parties du site web et la prise en compte de vos pr\u00e9f\u00e9rences en tant qu\u2019utilisateur. En pla\u00e7ant des cookies fonctionnels, nous vous facilitons la visite de notre site web. Ainsi, vous n\u2019avez pas besoin de saisir \u00e0 plusieurs reprises les m\u00eames informations lors de la visite de notre site web et, par exemple, les \u00e9l\u00e9ments restent dans votre panier jusqu\u2019\u00e0 votre paiement. Nous pouvons placer ces cookies sans votre consentement.<\/span><\/p><h3 class=\"p2\"><span class=\"s1\">COOKIES STATISTIQUES<\/span><\/h3><p class=\"p2\"><span class=\"s1\">Nous utilisons des cookies statistiques afin d\u2019optimiser l\u2019exp\u00e9rience des utilisateurs sur notre site web. Avec ces cookies statistiques, nous obtenons des observations sur l\u2019utilisation de notre site web.\u00a0Nous demandons votre permission pour placer des cookies statistiques.<\/span><\/p><h3 class=\"p2\"><span class=\"s1\">COOKIES DE MARKETING\/SUIVI<\/span><\/h3><p class=\"p2\"><span class=\"s1\">Les cookies de marketing\/suivi sont des cookies ou toute autre forme de stockage local, utilis\u00e9s pour cr\u00e9er des profils d\u2019utilisateurs afin d\u2019afficher de la publicit\u00e9 ou de suivre l\u2019utilisateur sur ce site web ou sur plusieurs sites web dans des finalit\u00e9s marketing similaires.<\/span><\/p><h3 class=\"p2\"><span class=\"s1\">BOUTONS DE R\u00c9SEAUX SOCIAUX<\/span><\/h3><p class=\"p2\"><span class=\"s1\">Nous avons inclus sur notre site web des boutons pour que Facebook, Instagram et Pinterest puissent promouvoir des pages web (par ex. \u00ab\u00a0J\u2019aime\u00a0\u00bb, \u00ab\u00a0Enregistrer\u00a0\u00bb) ou partager (par ex. \u00ab\u00a0Tweeter\u00a0\u00bb) sur des r\u00e9seaux sociaux tels que Facebook, Instagram et Pinterest. Ces boutons fonctionnent avec des morceaux de code provenant des Facebook, Instagram et Pinterest eux-m\u00eames. Ce code place des cookies. Ces boutons de r\u00e9seaux sociaux peuvent \u00e9galement stocker et traiter certaines informations afin de vous montrer des publicit\u00e9s personnalis\u00e9es.<\/span><\/p><p class=\"p2\"><span class=\"s1\">Veuillez lire la d\u00e9claration de confidentialit\u00e9 de ces r\u00e9seaux sociaux (qui peut \u00eatre modifi\u00e9e r\u00e9guli\u00e8rement) afin de savoir ce qu\u2019ils font de vos donn\u00e9es (personnelles) trait\u00e9es en utilisant ces cookies. Les donn\u00e9es r\u00e9cup\u00e9r\u00e9es sont anonymis\u00e9es autant que possible. Facebook, Instagram et Pinterest se trouvent aux \u00c9tats-Unis.<\/span><\/p><h2>COMMENT PUIS-JE CONTR\u00d4LER MES PARAM\u00c9TRAGES DE COOKIE ?<\/h2><p>La plupart des navigateurs sont param\u00e9tr\u00e9s initialement pour accepter automatiquement les cookies. Vous pouvez modifier les param\u00e9trages pour bloquer les cookies ou \u00eatre alert\u00e9 quand des cookies sont envoy\u00e9s sur votre appareil. Il existe diverses fa\u00e7ons de g\u00e9rer les cookies. Veuillez suivre les instructions fournies ci-apr\u00e8s pour g\u00e9rer vos cookies en utilisant votre navigateur. Dans ce cas, il se pourrait que vous ne puissiez pas vous enregistrer sur notre site Internet ou utiliser d\u2019autres fonctions n\u00e9cessitant l\u2019enregistrement ou la collecte d\u2019informations.<\/p><p><strong>Internet Explorer<\/strong><\/p><p>Cliquez sur l\u2019ic\u00f4ne \u00ab Outils \u00bb, puis s\u00e9lectionnez \u00ab \u00a0Options Internet \u00bb. Choisissez l\u2019onglet \u00ab Confidentialit\u00e9 \u00bb puis d\u00e9placez le curseur pour choisir vos param\u00e8tres. Pour des param\u00e8tres de confidentialit\u00e9 plus d\u00e9taill\u00e9s, cliquez sur \u00ab Param\u00e8tres avanc\u00e9s \u00bb.<\/p><p><strong>Safari<\/strong><\/p><p>Choisissez \u00ab Pr\u00e9f\u00e9rences \u00bb dans le menu Safari puis s\u00e9lectionnez \u00ab S\u00e9curit\u00e9 \u00bb. Vous pourrez alors s\u00e9lectionner vos param\u00e8tres de cookies.<\/p><p><strong>Mozilla Firefox<\/strong><\/p><p>Cliquez sur \u00ab Menu \u00bb, \u00ab Options \u00bb, \u00ab Confidentialit\u00e9 \u00bb, puis \u00ab Cookies \u00bb. Vous pouvez ensuite choisir vos param\u00e8tres.<\/p><p><strong>Google Chrome<\/strong><\/p><p>Cliquez sur le menu \u00ab Outils \u00bb puis s\u00e9lectionnez \u00ab Options \u00bb. Choisissez l\u2019onglet \u00a0\u00ab Sous le capot \u00bb puis sur la section \u00ab Confidentialit\u00e9 \u00bb. S\u00e9lectionnez l\u2019onglet \u00ab Param\u00e8tres de contenu \u00bb \u00a0puis choisissez vos param\u00e8tres.<\/p><h2>MISE \u00c0 JOUR DES INFORMATIONS L\u00c9GALES\u00a0<\/h2><p>Nous nous r\u00e9servons le droit d\u2019apporter tous changements et corrections aux pr\u00e9sentes dispositions. Veuillez consulter la pr\u00e9sente page r\u00e9guli\u00e8rement pour prendre connaissance des changements et des nouvelles informations.<\/p><\/div>\t\t\t\t\t\t\t\t<\/div>\n\t\t\t\t<\/div>\n\t\t\t\t\t<\/div>\n\t\t\t\t<\/div>\n\t\t\t\t<\/div>\n\t\t","protected":false},"excerpt":{"rendered":"<p>D\u00c9CLARATION RELATIVE AUX COOKIES Mis \u00e0 jour au le 1 octobre 2023. QUE SONT LES COOKIES ? Les cookies sont des petits fichiers de texte qui sont plac\u00e9s sur votre ordinateur par les sites Internet que vous visitez. Ils sont tr\u00e8s utilis\u00e9s pour faire en sorte que les sites fonctionnent, ou fonctionnent de fa\u00e7on plus [&hellip;]<\/p>\n","protected":false},"author":1,"featured_media":0,"parent":0,"menu_order":0,"comment_status":"closed","ping_status":"closed","template":"","meta":{"footnotes":""},"class_list":["post-9336","page","type-page","status-publish","hentry"],"yoast_head":"<!-- This site is optimized with the Yoast SEO plugin v26.3 - https:\/\/yoast.com\/wordpress\/plugins\/seo\/ -->\n<title>Politique de cookies | Automobiles Caveng Mercedes-Benz Gen\u00e8ve<\/title>\n<meta name=\"robots\" content=\"index, follow, max-snippet:-1, max-image-preview:large, max-video-preview:-1\" \/>\n<link rel=\"canonical\" href=\"https:\/\/www.automobiles-caveng.ch\/mercedes-benz\/politique-de-cookies\/\" \/>\n<meta property=\"og:locale\" content=\"fr_FR\" \/>\n<meta property=\"og:type\" content=\"article\" \/>\n<meta property=\"og:title\" content=\"Politique de cookies | Automobiles Caveng Mercedes-Benz Gen\u00e8ve\" \/>\n<meta property=\"og:description\" content=\"D\u00c9CLARATION RELATIVE AUX COOKIES Mis \u00e0 jour au le 1 octobre 2023. QUE SONT LES COOKIES ? Les cookies sont des petits fichiers de texte qui sont plac\u00e9s sur votre ordinateur par les sites Internet que vous visitez. Ils sont tr\u00e8s utilis\u00e9s pour faire en sorte que les sites fonctionnent, ou fonctionnent de fa\u00e7on plus [&hellip;]\" \/>\n<meta property=\"og:url\" content=\"https:\/\/www.automobiles-caveng.ch\/mercedes-benz\/politique-de-cookies\/\" \/>\n<meta property=\"og:site_name\" content=\"Automobiles Caveng Mercedes-Benz Gen\u00e8ve\" \/>\n<meta property=\"article:publisher\" content=\"https:\/\/www.facebook.com\/mercedesbenzcaveng\" \/>\n<meta property=\"article:modified_time\" content=\"2023-11-29T10:46:17+00:00\" \/>\n<meta property=\"og:image\" content=\"https:\/\/www.automobiles-caveng.ch\/mercedes-benz\/wp-content\/uploads\/2023\/11\/contact-header.jpg\" \/>\n\t<meta property=\"og:image:width\" content=\"1400\" \/>\n\t<meta property=\"og:image:height\" content=\"484\" \/>\n\t<meta property=\"og:image:type\" content=\"image\/jpeg\" \/>\n<meta name=\"twitter:card\" content=\"summary_large_image\" \/>\n<meta name=\"twitter:label1\" content=\"Dur\u00e9e de lecture estim\u00e9e\" \/>\n\t<meta name=\"twitter:data1\" content=\"4 minutes\" \/>\n<script type=\"application\/ld+json\" class=\"yoast-schema-graph\">{\"@context\":\"https:\/\/schema.org\",\"@graph\":[{\"@type\":\"WebPage\",\"@id\":\"https:\/\/www.automobiles-caveng.ch\/mercedes-benz\/politique-de-cookies\/\",\"url\":\"https:\/\/www.automobiles-caveng.ch\/mercedes-benz\/politique-de-cookies\/\",\"name\":\"Politique de cookies | Automobiles Caveng Mercedes-Benz Gen\u00e8ve\",\"isPartOf\":{\"@id\":\"https:\/\/www.automobiles-caveng.ch\/mercedes-benz\/#website\"},\"datePublished\":\"2023-11-27T09:46:27+00:00\",\"dateModified\":\"2023-11-29T10:46:17+00:00\",\"breadcrumb\":{\"@id\":\"https:\/\/www.automobiles-caveng.ch\/mercedes-benz\/politique-de-cookies\/#breadcrumb\"},\"inLanguage\":\"fr-FR\",\"potentialAction\":[{\"@type\":\"ReadAction\",\"target\":[\"https:\/\/www.automobiles-caveng.ch\/mercedes-benz\/politique-de-cookies\/\"]}]},{\"@type\":\"BreadcrumbList\",\"@id\":\"https:\/\/www.automobiles-caveng.ch\/mercedes-benz\/politique-de-cookies\/#breadcrumb\",\"itemListElement\":[{\"@type\":\"ListItem\",\"position\":1,\"name\":\"Accueil\",\"item\":\"https:\/\/www.automobiles-caveng.ch\/mercedes-benz\/\"},{\"@type\":\"ListItem\",\"position\":2,\"name\":\"Politique de cookies\"}]},{\"@type\":\"WebSite\",\"@id\":\"https:\/\/www.automobiles-caveng.ch\/mercedes-benz\/#website\",\"url\":\"https:\/\/www.automobiles-caveng.ch\/mercedes-benz\/\",\"name\":\"Automobiles Caveng Mercedes-Benz Gen\u00e8ve\",\"description\":\"\",\"potentialAction\":[{\"@type\":\"SearchAction\",\"target\":{\"@type\":\"EntryPoint\",\"urlTemplate\":\"https:\/\/www.automobiles-caveng.ch\/mercedes-benz\/?s={search_term_string}\"},\"query-input\":{\"@type\":\"PropertyValueSpecification\",\"valueRequired\":true,\"valueName\":\"search_term_string\"}}],\"inLanguage\":\"fr-FR\"}]}<\/script>\n<!-- \/ Yoast SEO plugin. -->","yoast_head_json":{"title":"Politique de cookies | Automobiles Caveng Mercedes-Benz Gen\u00e8ve","robots":{"index":"index","follow":"follow","max-snippet":"max-snippet:-1","max-image-preview":"max-image-preview:large","max-video-preview":"max-video-preview:-1"},"canonical":"https:\/\/www.automobiles-caveng.ch\/mercedes-benz\/politique-de-cookies\/","og_locale":"fr_FR","og_type":"article","og_title":"Politique de cookies | Automobiles Caveng Mercedes-Benz Gen\u00e8ve","og_description":"D\u00c9CLARATION RELATIVE AUX COOKIES Mis \u00e0 jour au le 1 octobre 2023. QUE SONT LES COOKIES ? Les cookies sont des petits fichiers de texte qui sont plac\u00e9s sur votre ordinateur par les sites Internet que vous visitez. Ils sont tr\u00e8s utilis\u00e9s pour faire en sorte que les sites fonctionnent, ou fonctionnent de fa\u00e7on plus [&hellip;]","og_url":"https:\/\/www.automobiles-caveng.ch\/mercedes-benz\/politique-de-cookies\/","og_site_name":"Automobiles Caveng Mercedes-Benz Gen\u00e8ve","article_publisher":"https:\/\/www.facebook.com\/mercedesbenzcaveng","article_modified_time":"2023-11-29T10:46:17+00:00","og_image":[{"width":1400,"height":484,"url":"https:\/\/www.automobiles-caveng.ch\/mercedes-benz\/wp-content\/uploads\/2023\/11\/contact-header.jpg","type":"image\/jpeg"}],"twitter_card":"summary_large_image","twitter_misc":{"Dur\u00e9e de lecture estim\u00e9e":"4 minutes"},"schema":{"@context":"https:\/\/schema.org","@graph":[{"@type":"WebPage","@id":"https:\/\/www.automobiles-caveng.ch\/mercedes-benz\/politique-de-cookies\/","url":"https:\/\/www.automobiles-caveng.ch\/mercedes-benz\/politique-de-cookies\/","name":"Politique de cookies | Automobiles Caveng Mercedes-Benz Gen\u00e8ve","isPartOf":{"@id":"https:\/\/www.automobiles-caveng.ch\/mercedes-benz\/#website"},"datePublished":"2023-11-27T09:46:27+00:00","dateModified":"2023-11-29T10:46:17+00:00","breadcrumb":{"@id":"https:\/\/www.automobiles-caveng.ch\/mercedes-benz\/politique-de-cookies\/#breadcrumb"},"inLanguage":"fr-FR","potentialAction":[{"@type":"ReadAction","target":["https:\/\/www.automobiles-caveng.ch\/mercedes-benz\/politique-de-cookies\/"]}]},{"@type":"BreadcrumbList","@id":"https:\/\/www.automobiles-caveng.ch\/mercedes-benz\/politique-de-cookies\/#breadcrumb","itemListElement":[{"@type":"ListItem","position":1,"name":"Accueil","item":"https:\/\/www.automobiles-caveng.ch\/mercedes-benz\/"},{"@type":"ListItem","position":2,"name":"Politique de cookies"}]},{"@type":"WebSite","@id":"https:\/\/www.automobiles-caveng.ch\/mercedes-benz\/#website","url":"https:\/\/www.automobiles-caveng.ch\/mercedes-benz\/","name":"Automobiles Caveng Mercedes-Benz Gen\u00e8ve","description":"","potentialAction":[{"@type":"SearchAction","target":{"@type":"EntryPoint","urlTemplate":"https:\/\/www.automobiles-caveng.ch\/mercedes-benz\/?s={search_term_string}"},"query-input":{"@type":"PropertyValueSpecification","valueRequired":true,"valueName":"search_term_string"}}],"inLanguage":"fr-FR"}]}},"_links":{"self":[{"href":"https:\/\/www.automobiles-caveng.ch\/mercedes-benz\/wp-json\/wp\/v2\/pages\/9336","targetHints":{"allow":["GET"]}}],"collection":[{"href":"https:\/\/www.automobiles-caveng.ch\/mercedes-benz\/wp-json\/wp\/v2\/pages"}],"about":[{"href":"https:\/\/www.automobiles-caveng.ch\/mercedes-benz\/wp-json\/wp\/v2\/types\/page"}],"author":[{"embeddable":true,"href":"https:\/\/www.automobiles-caveng.ch\/mercedes-benz\/wp-json\/wp\/v2\/users\/1"}],"replies":[{"embeddable":true,"href":"https:\/\/www.automobiles-caveng.ch\/mercedes-benz\/wp-json\/wp\/v2\/comments?post=9336"}],"version-history":[{"count":0,"href":"https:\/\/www.automobiles-caveng.ch\/mercedes-benz\/wp-json\/wp\/v2\/pages\/9336\/revisions"}],"wp:attachment":[{"href":"https:\/\/www.automobiles-caveng.ch\/mercedes-benz\/wp-json\/wp\/v2\/media?parent=9336"}],"curies":[{"name":"wp","href":"https:\/\/api.w.org\/{rel}","templated":true}]}}