{"id":9331,"date":"2023-11-27T10:31:10","date_gmt":"2023-11-27T09:31:10","guid":{"rendered":"https:\/\/automobiles-caveng.ch\/mercedes-benz\/new\/?page_id=9331"},"modified":"2023-11-29T11:45:35","modified_gmt":"2023-11-29T10:45:35","slug":"mentions-legales","status":"publish","type":"page","link":"https:\/\/www.automobiles-caveng.ch\/mercedes-benz\/mentions-legales\/","title":{"rendered":"Mentions l\u00e9gales"},"content":{"rendered":"\t\t<div data-elementor-type=\"wp-page\" data-elementor-id=\"9331\" class=\"elementor elementor-9331\">\n\t\t\t\t<div class=\"has_eae_slider elementor-element elementor-element-9bab861 e-flex e-con-boxed e-con e-parent\" data-eae-slider=\"80791\" data-id=\"9bab861\" data-element_type=\"container\" data-e-type=\"container\">\n\t\t\t\t\t<div class=\"e-con-inner\">\n\t\t\t\t<div class=\"elementor-element elementor-element-8f7a919 elementor-widget elementor-widget-text-editor\" data-id=\"8f7a919\" data-element_type=\"widget\" data-e-type=\"widget\" data-widget_type=\"text-editor.default\">\n\t\t\t\t<div class=\"elementor-widget-container\">\n\t\t\t\t\t\t\t\t\t<h2>MENTIONS L\u00c9GALES<\/h2><p><strong>Raison sociale<\/strong>\u00a0: Automobiles Caveng<br \/><strong>Adresse<\/strong> : Route de Ch\u00eane 135<br \/>1224 Ch\u00eane-Bougeries<br \/><strong>T\u00e9l\u00e9phone<\/strong>\u00a0:\u00a0<a href=\"tel:+41 22 888 16 16\">+41 22 888 16 16<\/a><\/p><p>Le site Internet Automobiles Caveng Mercedes-Benz est le site de la soci\u00e9t\u00e9 Automobiles Caveng.<\/p><p><strong>Directeur de publication<\/strong>\u00a0:\u00a0<a href=\"https:\/\/www.ggcommunications.ch\/\" target=\"_blank\" rel=\"noopener\">G&amp;G communications<\/a><br \/><strong>Cr\u00e9ation<\/strong>\u00a0:\u00a0<a href=\"https:\/\/www.ggcommunications.ch\/\" target=\"_blank\" rel=\"noopener\">G&amp;G communications<\/a><\/p><h3>DROITS D\u2019AUTEUR<\/h3><p>L\u2019ensemble de ce site rel\u00e8ve de la l\u00e9gislation suisse et internationale sur le droit d\u2019auteur et la propri\u00e9t\u00e9 intellectuelle. Tous les droits de reproduction sont r\u00e9serv\u00e9s, y compris les documents t\u00e9l\u00e9chargeables et les repr\u00e9sentations iconographiques et photographiques. La reproduction de tout ou partie de ce site sur un support \u00e9lectronique, quel qu\u2019il soit, est formellement interdite, sauf autorisation expresse du directeur de la publication.<\/p><h3>PROTECTION DES DONN\u00c9ES PERSONNELLES<\/h3><p>Aucune information personnelle n\u2019est collect\u00e9e \u00e0 votre insu. Aucune information personnelle n\u2019est c\u00e9d\u00e9e \u00e0 des tiers. Aucune information personnelle n\u2019est utilis\u00e9e \u00e0 des fins non pr\u00e9vues. Les informations qui vous sont demand\u00e9es lors de l\u2019abonnement aux publications et lettres d\u2019information du site sont indispensables pour l\u2019acc\u00e8s \u00e0 ces documents.<br \/>Ces informations ont pour seul destinataire Automobiles Caveng Mercedes-Benz aupr\u00e8s de laquelle peuvent s\u2019exercer les droits d\u2019acc\u00e8s et de rectification.<br \/>Les adresses de tous types (postales ou courrier \u00e9lectronique) ne pourront \u00eatre c\u00e9d\u00e9es en aucun cas \u00e0 des tiers ou communiqu\u00e9es \u00e0 des fins non pr\u00e9vues.<br \/>Conform\u00e9ment \u00e0 nouvelle loi sur la protection des donn\u00e9es (LPD) du 1er septembre 2023 relative \u00e0 l\u2019informatique, aux fichiers et aux libert\u00e9s, vous disposez d\u2019un droit d\u2019acc\u00e8s et de rectifications aux informations vous concernant aupr\u00e8s du responsable de la publication. Pour exercer ce droit, le Client peut envoyer un courrier \u00e9lectronique dans la section \u201cnous contacter\u201d.<\/p><h3>MODIFICATION DU SITE<\/h3><p>L\u2019\u00e9quipe \u00e9ditoriale se r\u00e9serve le droit de modifier ou de corriger le contenu de ce site et cette mention l\u00e9gale \u00e0 tout moment et ceci sans pr\u00e9avis.<\/p><h3>EXON\u00c9RATION DE RESPONSABILIT\u00c9<\/h3><p>Il appartient \u00e0 l\u2019utilisateur de ce site de prendre toutes les mesures appropri\u00e9es de fa\u00e7on \u00e0 prot\u00e9ger ses propres donn\u00e9es et\/ou logiciels de contamination par d\u2019\u00e9ventuels virus circulant sur le r\u00e9seau Internet. Automobiles Caveng Mercedes-Benz ne pourra \u00eatre tenu responsable des dommages directs ou indirects r\u00e9sultant de l\u2019usage de ce site Internet. Ce site Internet est r\u00e9gi par le droit suisse.<\/p><h3>H\u00c9BERGEMENT WEB<\/h3><p>Automobiles Caveng Mercedes-Benz est h\u00e9berg\u00e9 par :<br \/>INFOMANIAK<br \/>Rue Eug\u00e8ne-Marziano 25 1227 Gen\u00e8ve, Suisse<br \/>+41 22 820 35 44<\/p>\t\t\t\t\t\t\t\t<\/div>\n\t\t\t\t<\/div>\n\t\t\t\t\t<\/div>\n\t\t\t\t<\/div>\n\t\t\t\t<\/div>\n\t\t","protected":false},"excerpt":{"rendered":"<p>MENTIONS L\u00c9GALES Raison sociale\u00a0: Automobiles CavengAdresse : Route de Ch\u00eane 1351224 Ch\u00eane-BougeriesT\u00e9l\u00e9phone\u00a0:\u00a0+41 22 888 16 16 Le site Internet Automobiles Caveng Mercedes-Benz est le site de la soci\u00e9t\u00e9 Automobiles Caveng. Directeur de publication\u00a0:\u00a0G&amp;G communicationsCr\u00e9ation\u00a0:\u00a0G&amp;G communications DROITS D\u2019AUTEUR L\u2019ensemble de ce site rel\u00e8ve de la l\u00e9gislation suisse et internationale sur le droit d\u2019auteur et la propri\u00e9t\u00e9 [&hellip;]<\/p>\n","protected":false},"author":1,"featured_media":0,"parent":0,"menu_order":0,"comment_status":"closed","ping_status":"closed","template":"","meta":{"footnotes":""},"class_list":["post-9331","page","type-page","status-publish","hentry"],"yoast_head":"<!-- This site is optimized with the Yoast SEO plugin v26.3 - https:\/\/yoast.com\/wordpress\/plugins\/seo\/ -->\n<title>Mentions l\u00e9gales | Automobiles Caveng Mercedes-Benz Gen\u00e8ve<\/title>\n<meta name=\"robots\" content=\"index, follow, max-snippet:-1, max-image-preview:large, max-video-preview:-1\" \/>\n<link rel=\"canonical\" href=\"https:\/\/www.automobiles-caveng.ch\/mercedes-benz\/mentions-legales\/\" \/>\n<meta property=\"og:locale\" content=\"fr_FR\" \/>\n<meta property=\"og:type\" content=\"article\" \/>\n<meta property=\"og:title\" content=\"Mentions l\u00e9gales | Automobiles Caveng Mercedes-Benz Gen\u00e8ve\" \/>\n<meta property=\"og:description\" content=\"MENTIONS L\u00c9GALES Raison sociale\u00a0: Automobiles CavengAdresse : Route de Ch\u00eane 1351224 Ch\u00eane-BougeriesT\u00e9l\u00e9phone\u00a0:\u00a0+41 22 888 16 16 Le site Internet Automobiles Caveng Mercedes-Benz est le site de la soci\u00e9t\u00e9 Automobiles Caveng. Directeur de publication\u00a0:\u00a0G&amp;G communicationsCr\u00e9ation\u00a0:\u00a0G&amp;G communications DROITS D\u2019AUTEUR L\u2019ensemble de ce site rel\u00e8ve de la l\u00e9gislation suisse et internationale sur le droit d\u2019auteur et la propri\u00e9t\u00e9 [&hellip;]\" \/>\n<meta property=\"og:url\" content=\"https:\/\/www.automobiles-caveng.ch\/mercedes-benz\/mentions-legales\/\" \/>\n<meta property=\"og:site_name\" content=\"Automobiles Caveng Mercedes-Benz Gen\u00e8ve\" \/>\n<meta property=\"article:publisher\" content=\"https:\/\/www.facebook.com\/mercedesbenzcaveng\" \/>\n<meta property=\"article:modified_time\" content=\"2023-11-29T10:45:35+00:00\" \/>\n<meta property=\"og:image\" content=\"https:\/\/www.automobiles-caveng.ch\/mercedes-benz\/wp-content\/uploads\/2023\/11\/contact-header.jpg\" \/>\n\t<meta property=\"og:image:width\" content=\"1400\" \/>\n\t<meta property=\"og:image:height\" content=\"484\" \/>\n\t<meta property=\"og:image:type\" content=\"image\/jpeg\" \/>\n<meta name=\"twitter:card\" content=\"summary_large_image\" \/>\n<meta name=\"twitter:label1\" content=\"Dur\u00e9e de lecture estim\u00e9e\" \/>\n\t<meta name=\"twitter:data1\" content=\"2 minutes\" \/>\n<script type=\"application\/ld+json\" class=\"yoast-schema-graph\">{\"@context\":\"https:\/\/schema.org\",\"@graph\":[{\"@type\":\"WebPage\",\"@id\":\"https:\/\/www.automobiles-caveng.ch\/mercedes-benz\/mentions-legales\/\",\"url\":\"https:\/\/www.automobiles-caveng.ch\/mercedes-benz\/mentions-legales\/\",\"name\":\"Mentions l\u00e9gales | Automobiles Caveng Mercedes-Benz Gen\u00e8ve\",\"isPartOf\":{\"@id\":\"https:\/\/www.automobiles-caveng.ch\/mercedes-benz\/#website\"},\"datePublished\":\"2023-11-27T09:31:10+00:00\",\"dateModified\":\"2023-11-29T10:45:35+00:00\",\"breadcrumb\":{\"@id\":\"https:\/\/www.automobiles-caveng.ch\/mercedes-benz\/mentions-legales\/#breadcrumb\"},\"inLanguage\":\"fr-FR\",\"potentialAction\":[{\"@type\":\"ReadAction\",\"target\":[\"https:\/\/www.automobiles-caveng.ch\/mercedes-benz\/mentions-legales\/\"]}]},{\"@type\":\"BreadcrumbList\",\"@id\":\"https:\/\/www.automobiles-caveng.ch\/mercedes-benz\/mentions-legales\/#breadcrumb\",\"itemListElement\":[{\"@type\":\"ListItem\",\"position\":1,\"name\":\"Accueil\",\"item\":\"https:\/\/www.automobiles-caveng.ch\/mercedes-benz\/\"},{\"@type\":\"ListItem\",\"position\":2,\"name\":\"Mentions l\u00e9gales\"}]},{\"@type\":\"WebSite\",\"@id\":\"https:\/\/www.automobiles-caveng.ch\/mercedes-benz\/#website\",\"url\":\"https:\/\/www.automobiles-caveng.ch\/mercedes-benz\/\",\"name\":\"Automobiles Caveng Mercedes-Benz Gen\u00e8ve\",\"description\":\"\",\"potentialAction\":[{\"@type\":\"SearchAction\",\"target\":{\"@type\":\"EntryPoint\",\"urlTemplate\":\"https:\/\/www.automobiles-caveng.ch\/mercedes-benz\/?s={search_term_string}\"},\"query-input\":{\"@type\":\"PropertyValueSpecification\",\"valueRequired\":true,\"valueName\":\"search_term_string\"}}],\"inLanguage\":\"fr-FR\"}]}<\/script>\n<!-- \/ Yoast SEO plugin. -->","yoast_head_json":{"title":"Mentions l\u00e9gales | Automobiles Caveng Mercedes-Benz Gen\u00e8ve","robots":{"index":"index","follow":"follow","max-snippet":"max-snippet:-1","max-image-preview":"max-image-preview:large","max-video-preview":"max-video-preview:-1"},"canonical":"https:\/\/www.automobiles-caveng.ch\/mercedes-benz\/mentions-legales\/","og_locale":"fr_FR","og_type":"article","og_title":"Mentions l\u00e9gales | Automobiles Caveng Mercedes-Benz Gen\u00e8ve","og_description":"MENTIONS L\u00c9GALES Raison sociale\u00a0: Automobiles CavengAdresse : Route de Ch\u00eane 1351224 Ch\u00eane-BougeriesT\u00e9l\u00e9phone\u00a0:\u00a0+41 22 888 16 16 Le site Internet Automobiles Caveng Mercedes-Benz est le site de la soci\u00e9t\u00e9 Automobiles Caveng. Directeur de publication\u00a0:\u00a0G&amp;G communicationsCr\u00e9ation\u00a0:\u00a0G&amp;G communications DROITS D\u2019AUTEUR L\u2019ensemble de ce site rel\u00e8ve de la l\u00e9gislation suisse et internationale sur le droit d\u2019auteur et la propri\u00e9t\u00e9 [&hellip;]","og_url":"https:\/\/www.automobiles-caveng.ch\/mercedes-benz\/mentions-legales\/","og_site_name":"Automobiles Caveng Mercedes-Benz Gen\u00e8ve","article_publisher":"https:\/\/www.facebook.com\/mercedesbenzcaveng","article_modified_time":"2023-11-29T10:45:35+00:00","og_image":[{"width":1400,"height":484,"url":"https:\/\/www.automobiles-caveng.ch\/mercedes-benz\/wp-content\/uploads\/2023\/11\/contact-header.jpg","type":"image\/jpeg"}],"twitter_card":"summary_large_image","twitter_misc":{"Dur\u00e9e de lecture estim\u00e9e":"2 minutes"},"schema":{"@context":"https:\/\/schema.org","@graph":[{"@type":"WebPage","@id":"https:\/\/www.automobiles-caveng.ch\/mercedes-benz\/mentions-legales\/","url":"https:\/\/www.automobiles-caveng.ch\/mercedes-benz\/mentions-legales\/","name":"Mentions l\u00e9gales | Automobiles Caveng Mercedes-Benz Gen\u00e8ve","isPartOf":{"@id":"https:\/\/www.automobiles-caveng.ch\/mercedes-benz\/#website"},"datePublished":"2023-11-27T09:31:10+00:00","dateModified":"2023-11-29T10:45:35+00:00","breadcrumb":{"@id":"https:\/\/www.automobiles-caveng.ch\/mercedes-benz\/mentions-legales\/#breadcrumb"},"inLanguage":"fr-FR","potentialAction":[{"@type":"ReadAction","target":["https:\/\/www.automobiles-caveng.ch\/mercedes-benz\/mentions-legales\/"]}]},{"@type":"BreadcrumbList","@id":"https:\/\/www.automobiles-caveng.ch\/mercedes-benz\/mentions-legales\/#breadcrumb","itemListElement":[{"@type":"ListItem","position":1,"name":"Accueil","item":"https:\/\/www.automobiles-caveng.ch\/mercedes-benz\/"},{"@type":"ListItem","position":2,"name":"Mentions l\u00e9gales"}]},{"@type":"WebSite","@id":"https:\/\/www.automobiles-caveng.ch\/mercedes-benz\/#website","url":"https:\/\/www.automobiles-caveng.ch\/mercedes-benz\/","name":"Automobiles Caveng Mercedes-Benz Gen\u00e8ve","description":"","potentialAction":[{"@type":"SearchAction","target":{"@type":"EntryPoint","urlTemplate":"https:\/\/www.automobiles-caveng.ch\/mercedes-benz\/?s={search_term_string}"},"query-input":{"@type":"PropertyValueSpecification","valueRequired":true,"valueName":"search_term_string"}}],"inLanguage":"fr-FR"}]}},"_links":{"self":[{"href":"https:\/\/www.automobiles-caveng.ch\/mercedes-benz\/wp-json\/wp\/v2\/pages\/9331","targetHints":{"allow":["GET"]}}],"collection":[{"href":"https:\/\/www.automobiles-caveng.ch\/mercedes-benz\/wp-json\/wp\/v2\/pages"}],"about":[{"href":"https:\/\/www.automobiles-caveng.ch\/mercedes-benz\/wp-json\/wp\/v2\/types\/page"}],"author":[{"embeddable":true,"href":"https:\/\/www.automobiles-caveng.ch\/mercedes-benz\/wp-json\/wp\/v2\/users\/1"}],"replies":[{"embeddable":true,"href":"https:\/\/www.automobiles-caveng.ch\/mercedes-benz\/wp-json\/wp\/v2\/comments?post=9331"}],"version-history":[{"count":0,"href":"https:\/\/www.automobiles-caveng.ch\/mercedes-benz\/wp-json\/wp\/v2\/pages\/9331\/revisions"}],"wp:attachment":[{"href":"https:\/\/www.automobiles-caveng.ch\/mercedes-benz\/wp-json\/wp\/v2\/media?parent=9331"}],"curies":[{"name":"wp","href":"https:\/\/api.w.org\/{rel}","templated":true}]}}