{"id":8179,"date":"2023-11-09T09:22:06","date_gmt":"2023-11-09T08:22:06","guid":{"rendered":"https:\/\/automobiles-caveng.ch\/mercedes-benz\/new\/?page_id=8179"},"modified":"2025-04-11T10:09:52","modified_gmt":"2025-04-11T08:09:52","slug":"stock-vehicules-neufs","status":"publish","type":"page","link":"https:\/\/www.automobiles-caveng.ch\/mercedes-benz\/stock-vehicules-neufs\/","title":{"rendered":"Stock v\u00e9hicules neufs"},"content":{"rendered":"\t\t<div data-elementor-type=\"wp-page\" data-elementor-id=\"8179\" class=\"elementor elementor-8179\">\n\t\t\t\t<div class=\"has_eae_slider elementor-element elementor-element-4367ed7 e-flex e-con-boxed e-con e-parent\" data-eae-slider=\"7628\" data-id=\"4367ed7\" data-element_type=\"container\">\n\t\t\t\t\t<div class=\"e-con-inner\">\n\t\t\t\t<div class=\"elementor-element elementor-element-eba008d elementor-widget elementor-widget-luxedrive_core_section_title\" data-id=\"eba008d\" data-element_type=\"widget\" data-widget_type=\"luxedrive_core_section_title.default\">\n\t\t\t\t<div class=\"elementor-widget-container\">\n\t\t\t\t\t<div class=\"qodef-shortcode qodef-m qodef-section-title qodef-alignment--left\">\n\t\t<h2 class=\"qodef-m-title\" style=\"color: #FFFFFF\">\n\t\t\t\t\tD\u00e9couvrir les voitures neuves imm\u00e9diatement disponibles.\t\t\t<\/h2>\n\t\t<span class=\"qodef-m-subtitle\" style=\"color: #256F9C\">Mercedes-Benz<\/span>\n\t\t<p class=\"qodef-m-text\" >Trouvez le v\u00e9hicule Mercedes-Benz de vos r\u00eaves \u00e0 un prix incroyable et surtout pr\u00eat \u00e0 d\u00e9marrer imm\u00e9diatement.\nD\u00e9couvrez d\u00e8s maintenant tous les v\u00e9hicules en stock disponibles et profitez de conditions de leasing attrayants.<\/p>\n<\/div>\n\t\t\t\t<\/div>\n\t\t\t\t<\/div>\n\t\t\t\t\t<\/div>\n\t\t\t\t<\/div>\n\t\t<div class=\"has_eae_slider elementor-element elementor-element-8c5b4ef e-flex e-con-boxed e-con e-parent\" data-eae-slider=\"90213\" data-id=\"8c5b4ef\" data-element_type=\"container\">\n\t\t\t\t\t<div class=\"e-con-inner\">\n\t\t\t\t<div class=\"elementor-element elementor-element-0c7a6f1 elementor-widget elementor-widget-html\" data-id=\"0c7a6f1\" data-element_type=\"widget\" data-widget_type=\"html.default\">\n\t\t\t\t<div class=\"elementor-widget-container\">\n\t\t\t\t\t<div class=\"hci-container\" data-config-id=\"2887\" data-language=\"fr\" data-entry-point=\"search\"><\/div><script src=\"https:\/\/www.autoscout24.ch\/assets\/hci\/v2\/hci.current.js\"><\/script>\t\t\t\t<\/div>\n\t\t\t\t<\/div>\n\t\t\t\t\t<\/div>\n\t\t\t\t<\/div>\n\t\t<div class=\"has_eae_slider elementor-element elementor-element-56a5174 e-flex e-con-boxed e-con e-parent\" data-eae-slider=\"92067\" data-id=\"56a5174\" data-element_type=\"container\" data-settings=\"{&quot;background_background&quot;:&quot;classic&quot;}\">\n\t\t\t\t\t<div class=\"e-con-inner\">\n\t\t<div class=\"has_eae_slider elementor-element elementor-element-0c14d63 e-con-full e-flex e-con e-child\" data-eae-slider=\"73333\" data-id=\"0c14d63\" data-element_type=\"container\">\n\t\t\t\t<div class=\"elementor-element elementor-element-156f6a9 elementor-widget elementor-widget-image\" data-id=\"156f6a9\" data-element_type=\"widget\" data-widget_type=\"image.default\">\n\t\t\t\t<div class=\"elementor-widget-container\">\n\t\t\t\t\t\t\t\t\t\t\t\t\t\t\t\t<a href=\"https:\/\/www.mercedes-benz-chene-bougeries.ch\/fr\/about-us\/contact-person.html\" target=\"_blank\">\n\t\t\t\t\t\t\t<img fetchpriority=\"high\" decoding=\"async\" width=\"571\" height=\"310\" src=\"https:\/\/www.automobiles-caveng.ch\/mercedes-benz\/wp-content\/uploads\/2023\/11\/interlocuteurs.png\" class=\"attachment-large size-large wp-image-8721\" alt=\"\" srcset=\"https:\/\/www.automobiles-caveng.ch\/mercedes-benz\/wp-content\/uploads\/2023\/11\/interlocuteurs.png 571w, https:\/\/www.automobiles-caveng.ch\/mercedes-benz\/wp-content\/uploads\/2023\/11\/interlocuteurs-300x163.png 300w\" sizes=\"(max-width: 571px) 100vw, 571px\" \/>\t\t\t\t\t\t\t\t<\/a>\n\t\t\t\t\t\t\t\t\t\t\t\t\t\t\t<\/div>\n\t\t\t\t<\/div>\n\t\t\t\t<\/div>\n\t\t<div class=\"has_eae_slider elementor-element elementor-element-d1a2b79 e-con-full e-flex e-con e-child\" data-eae-slider=\"17737\" data-id=\"d1a2b79\" data-element_type=\"container\">\n\t\t\t\t<div class=\"elementor-element elementor-element-1d37ffb elementor-widget elementor-widget-image\" data-id=\"1d37ffb\" data-element_type=\"widget\" data-widget_type=\"image.default\">\n\t\t\t\t<div class=\"elementor-widget-container\">\n\t\t\t\t\t\t\t\t\t\t\t\t\t\t\t\t<a href=\"https:\/\/automobiles-caveng.ch\/mercedes-benz\/contact\/\">\n\t\t\t\t\t\t\t<img decoding=\"async\" width=\"571\" height=\"310\" src=\"https:\/\/www.automobiles-caveng.ch\/mercedes-benz\/wp-content\/uploads\/2023\/11\/essai.png\" class=\"attachment-large size-large wp-image-8720\" alt=\"\" srcset=\"https:\/\/www.automobiles-caveng.ch\/mercedes-benz\/wp-content\/uploads\/2023\/11\/essai.png 571w, https:\/\/www.automobiles-caveng.ch\/mercedes-benz\/wp-content\/uploads\/2023\/11\/essai-300x163.png 300w\" sizes=\"(max-width: 571px) 100vw, 571px\" \/>\t\t\t\t\t\t\t\t<\/a>\n\t\t\t\t\t\t\t\t\t\t\t\t\t\t\t<\/div>\n\t\t\t\t<\/div>\n\t\t\t\t<\/div>\n\t\t<div class=\"has_eae_slider elementor-element elementor-element-46368d1 e-con-full e-flex e-con e-child\" data-eae-slider=\"64591\" data-id=\"46368d1\" data-element_type=\"container\">\n\t\t\t\t<div class=\"elementor-element elementor-element-2969e0e elementor-widget elementor-widget-image\" data-id=\"2969e0e\" data-element_type=\"widget\" data-widget_type=\"image.default\">\n\t\t\t\t<div class=\"elementor-widget-container\">\n\t\t\t\t\t\t\t\t\t\t\t\t\t\t\t\t<a href=\"https:\/\/automobiles-caveng.ch\/mercedes-benz\/stock-vehicules-neufs\/\">\n\t\t\t\t\t\t\t<img decoding=\"async\" width=\"570\" height=\"310\" src=\"https:\/\/www.automobiles-caveng.ch\/mercedes-benz\/wp-content\/uploads\/2023\/11\/vehicules-dispo.png\" class=\"attachment-large size-large wp-image-8722\" alt=\"\" srcset=\"https:\/\/www.automobiles-caveng.ch\/mercedes-benz\/wp-content\/uploads\/2023\/11\/vehicules-dispo.png 570w, https:\/\/www.automobiles-caveng.ch\/mercedes-benz\/wp-content\/uploads\/2023\/11\/vehicules-dispo-300x163.png 300w\" sizes=\"(max-width: 570px) 100vw, 570px\" \/>\t\t\t\t\t\t\t\t<\/a>\n\t\t\t\t\t\t\t\t\t\t\t\t\t\t\t<\/div>\n\t\t\t\t<\/div>\n\t\t\t\t<\/div>\n\t\t<div class=\"has_eae_slider elementor-element elementor-element-93c26ff e-con-full e-flex e-con e-child\" data-eae-slider=\"92160\" data-id=\"93c26ff\" data-element_type=\"container\">\n\t\t\t\t<div class=\"elementor-element elementor-element-d21bced elementor-widget elementor-widget-image\" data-id=\"d21bced\" data-element_type=\"widget\" data-widget_type=\"image.default\">\n\t\t\t\t<div class=\"elementor-widget-container\">\n\t\t\t\t\t\t\t\t\t\t\t\t\t\t\t\t<a href=\"https:\/\/www.mercedes-benz-chene-bougeries.ch\/fr\/applications\/configurator.html\" target=\"_blank\">\n\t\t\t\t\t\t\t<img loading=\"lazy\" decoding=\"async\" width=\"569\" height=\"310\" src=\"https:\/\/www.automobiles-caveng.ch\/mercedes-benz\/wp-content\/uploads\/2023\/11\/configurateur.png\" class=\"attachment-large size-large wp-image-8719\" alt=\"\" srcset=\"https:\/\/www.automobiles-caveng.ch\/mercedes-benz\/wp-content\/uploads\/2023\/11\/configurateur.png 569w, https:\/\/www.automobiles-caveng.ch\/mercedes-benz\/wp-content\/uploads\/2023\/11\/configurateur-300x163.png 300w\" sizes=\"(max-width: 569px) 100vw, 569px\" \/>\t\t\t\t\t\t\t\t<\/a>\n\t\t\t\t\t\t\t\t\t\t\t\t\t\t\t<\/div>\n\t\t\t\t<\/div>\n\t\t\t\t<\/div>\n\t\t\t\t\t<\/div>\n\t\t\t\t<\/div>\n\t\t\t\t<\/div>\n\t\t","protected":false},"excerpt":{"rendered":"<p>D\u00e9couvrir les voitures neuves imm\u00e9diatement disponibles. Mercedes-Benz Trouvez le v\u00e9hicule Mercedes-Benz de vos r\u00eaves \u00e0 un prix incroyable et surtout pr\u00eat \u00e0 d\u00e9marrer imm\u00e9diatement. D\u00e9couvrez d\u00e8s maintenant tous les v\u00e9hicules en stock disponibles et profitez de conditions de leasing attrayants.<\/p>\n","protected":false},"author":1,"featured_media":0,"parent":0,"menu_order":0,"comment_status":"closed","ping_status":"closed","template":"page-full-width.php","meta":{"footnotes":""},"class_list":["post-8179","page","type-page","status-publish","hentry"],"yoast_head":"<!-- This site is optimized with the Yoast SEO plugin v26.3 - https:\/\/yoast.com\/wordpress\/plugins\/seo\/ -->\n<title>Stock v\u00e9hicules neufs | Automobiles Caveng Mercedes-Benz Gen\u00e8ve<\/title>\n<meta name=\"description\" content=\"D\u00e9couvrez d\u00e8s maintenant tous les v\u00e9hicules Mercedes-Benz en stock disponibles et profitez de conditions de leasing attrayants.\" \/>\n<meta name=\"robots\" content=\"index, follow, max-snippet:-1, max-image-preview:large, max-video-preview:-1\" \/>\n<link rel=\"canonical\" href=\"https:\/\/www.automobiles-caveng.ch\/mercedes-benz\/stock-vehicules-neufs\/\" \/>\n<meta property=\"og:locale\" content=\"fr_FR\" \/>\n<meta property=\"og:type\" content=\"article\" \/>\n<meta property=\"og:title\" content=\"Stock v\u00e9hicules neufs | Automobiles Caveng Mercedes-Benz Gen\u00e8ve\" \/>\n<meta property=\"og:description\" content=\"D\u00e9couvrez d\u00e8s maintenant tous les v\u00e9hicules Mercedes-Benz en stock disponibles et profitez de conditions de leasing attrayants.\" \/>\n<meta property=\"og:url\" content=\"https:\/\/www.automobiles-caveng.ch\/mercedes-benz\/stock-vehicules-neufs\/\" \/>\n<meta property=\"og:site_name\" content=\"Automobiles Caveng Mercedes-Benz Gen\u00e8ve\" \/>\n<meta property=\"article:publisher\" content=\"https:\/\/www.facebook.com\/mercedesbenzcaveng\" \/>\n<meta property=\"article:modified_time\" content=\"2025-04-11T08:09:52+00:00\" \/>\n<meta property=\"og:image\" content=\"https:\/\/www.automobiles-caveng.ch\/mercedes-benz\/wp-content\/uploads\/2023\/11\/interlocuteurs.png\" \/>\n\t<meta property=\"og:image:width\" content=\"571\" \/>\n\t<meta property=\"og:image:height\" content=\"310\" \/>\n\t<meta property=\"og:image:type\" content=\"image\/png\" \/>\n<meta name=\"twitter:card\" content=\"summary_large_image\" \/>\n<meta name=\"twitter:label1\" content=\"Dur\u00e9e de lecture estim\u00e9e\" \/>\n\t<meta name=\"twitter:data1\" content=\"1 minute\" \/>\n<script type=\"application\/ld+json\" class=\"yoast-schema-graph\">{\"@context\":\"https:\/\/schema.org\",\"@graph\":[{\"@type\":\"WebPage\",\"@id\":\"https:\/\/www.automobiles-caveng.ch\/mercedes-benz\/stock-vehicules-neufs\/\",\"url\":\"https:\/\/www.automobiles-caveng.ch\/mercedes-benz\/stock-vehicules-neufs\/\",\"name\":\"Stock v\u00e9hicules neufs | Automobiles Caveng Mercedes-Benz Gen\u00e8ve\",\"isPartOf\":{\"@id\":\"https:\/\/www.automobiles-caveng.ch\/mercedes-benz\/#website\"},\"primaryImageOfPage\":{\"@id\":\"https:\/\/www.automobiles-caveng.ch\/mercedes-benz\/stock-vehicules-neufs\/#primaryimage\"},\"image\":{\"@id\":\"https:\/\/www.automobiles-caveng.ch\/mercedes-benz\/stock-vehicules-neufs\/#primaryimage\"},\"thumbnailUrl\":\"https:\/\/www.automobiles-caveng.ch\/mercedes-benz\/wp-content\/uploads\/2023\/11\/interlocuteurs.png\",\"datePublished\":\"2023-11-09T08:22:06+00:00\",\"dateModified\":\"2025-04-11T08:09:52+00:00\",\"description\":\"D\u00e9couvrez d\u00e8s maintenant tous les v\u00e9hicules Mercedes-Benz en stock disponibles et profitez de conditions de leasing attrayants.\",\"breadcrumb\":{\"@id\":\"https:\/\/www.automobiles-caveng.ch\/mercedes-benz\/stock-vehicules-neufs\/#breadcrumb\"},\"inLanguage\":\"fr-FR\",\"potentialAction\":[{\"@type\":\"ReadAction\",\"target\":[\"https:\/\/www.automobiles-caveng.ch\/mercedes-benz\/stock-vehicules-neufs\/\"]}]},{\"@type\":\"ImageObject\",\"inLanguage\":\"fr-FR\",\"@id\":\"https:\/\/www.automobiles-caveng.ch\/mercedes-benz\/stock-vehicules-neufs\/#primaryimage\",\"url\":\"https:\/\/www.automobiles-caveng.ch\/mercedes-benz\/wp-content\/uploads\/2023\/11\/interlocuteurs.png\",\"contentUrl\":\"https:\/\/www.automobiles-caveng.ch\/mercedes-benz\/wp-content\/uploads\/2023\/11\/interlocuteurs.png\",\"width\":571,\"height\":310},{\"@type\":\"BreadcrumbList\",\"@id\":\"https:\/\/www.automobiles-caveng.ch\/mercedes-benz\/stock-vehicules-neufs\/#breadcrumb\",\"itemListElement\":[{\"@type\":\"ListItem\",\"position\":1,\"name\":\"Accueil\",\"item\":\"https:\/\/www.automobiles-caveng.ch\/mercedes-benz\/\"},{\"@type\":\"ListItem\",\"position\":2,\"name\":\"Stock v\u00e9hicules neufs\"}]},{\"@type\":\"WebSite\",\"@id\":\"https:\/\/www.automobiles-caveng.ch\/mercedes-benz\/#website\",\"url\":\"https:\/\/www.automobiles-caveng.ch\/mercedes-benz\/\",\"name\":\"Automobiles Caveng Mercedes-Benz Gen\u00e8ve\",\"description\":\"\",\"potentialAction\":[{\"@type\":\"SearchAction\",\"target\":{\"@type\":\"EntryPoint\",\"urlTemplate\":\"https:\/\/www.automobiles-caveng.ch\/mercedes-benz\/?s={search_term_string}\"},\"query-input\":{\"@type\":\"PropertyValueSpecification\",\"valueRequired\":true,\"valueName\":\"search_term_string\"}}],\"inLanguage\":\"fr-FR\"}]}<\/script>\n<!-- \/ Yoast SEO plugin. -->","yoast_head_json":{"title":"Stock v\u00e9hicules neufs | Automobiles Caveng Mercedes-Benz Gen\u00e8ve","description":"D\u00e9couvrez d\u00e8s maintenant tous les v\u00e9hicules Mercedes-Benz en stock disponibles et profitez de conditions de leasing attrayants.","robots":{"index":"index","follow":"follow","max-snippet":"max-snippet:-1","max-image-preview":"max-image-preview:large","max-video-preview":"max-video-preview:-1"},"canonical":"https:\/\/www.automobiles-caveng.ch\/mercedes-benz\/stock-vehicules-neufs\/","og_locale":"fr_FR","og_type":"article","og_title":"Stock v\u00e9hicules neufs | Automobiles Caveng Mercedes-Benz Gen\u00e8ve","og_description":"D\u00e9couvrez d\u00e8s maintenant tous les v\u00e9hicules Mercedes-Benz en stock disponibles et profitez de conditions de leasing attrayants.","og_url":"https:\/\/www.automobiles-caveng.ch\/mercedes-benz\/stock-vehicules-neufs\/","og_site_name":"Automobiles Caveng Mercedes-Benz Gen\u00e8ve","article_publisher":"https:\/\/www.facebook.com\/mercedesbenzcaveng","article_modified_time":"2025-04-11T08:09:52+00:00","og_image":[{"width":571,"height":310,"url":"https:\/\/www.automobiles-caveng.ch\/mercedes-benz\/wp-content\/uploads\/2023\/11\/interlocuteurs.png","type":"image\/png"}],"twitter_card":"summary_large_image","twitter_misc":{"Dur\u00e9e de lecture estim\u00e9e":"1 minute"},"schema":{"@context":"https:\/\/schema.org","@graph":[{"@type":"WebPage","@id":"https:\/\/www.automobiles-caveng.ch\/mercedes-benz\/stock-vehicules-neufs\/","url":"https:\/\/www.automobiles-caveng.ch\/mercedes-benz\/stock-vehicules-neufs\/","name":"Stock v\u00e9hicules neufs | Automobiles Caveng Mercedes-Benz Gen\u00e8ve","isPartOf":{"@id":"https:\/\/www.automobiles-caveng.ch\/mercedes-benz\/#website"},"primaryImageOfPage":{"@id":"https:\/\/www.automobiles-caveng.ch\/mercedes-benz\/stock-vehicules-neufs\/#primaryimage"},"image":{"@id":"https:\/\/www.automobiles-caveng.ch\/mercedes-benz\/stock-vehicules-neufs\/#primaryimage"},"thumbnailUrl":"https:\/\/www.automobiles-caveng.ch\/mercedes-benz\/wp-content\/uploads\/2023\/11\/interlocuteurs.png","datePublished":"2023-11-09T08:22:06+00:00","dateModified":"2025-04-11T08:09:52+00:00","description":"D\u00e9couvrez d\u00e8s maintenant tous les v\u00e9hicules Mercedes-Benz en stock disponibles et profitez de conditions de leasing attrayants.","breadcrumb":{"@id":"https:\/\/www.automobiles-caveng.ch\/mercedes-benz\/stock-vehicules-neufs\/#breadcrumb"},"inLanguage":"fr-FR","potentialAction":[{"@type":"ReadAction","target":["https:\/\/www.automobiles-caveng.ch\/mercedes-benz\/stock-vehicules-neufs\/"]}]},{"@type":"ImageObject","inLanguage":"fr-FR","@id":"https:\/\/www.automobiles-caveng.ch\/mercedes-benz\/stock-vehicules-neufs\/#primaryimage","url":"https:\/\/www.automobiles-caveng.ch\/mercedes-benz\/wp-content\/uploads\/2023\/11\/interlocuteurs.png","contentUrl":"https:\/\/www.automobiles-caveng.ch\/mercedes-benz\/wp-content\/uploads\/2023\/11\/interlocuteurs.png","width":571,"height":310},{"@type":"BreadcrumbList","@id":"https:\/\/www.automobiles-caveng.ch\/mercedes-benz\/stock-vehicules-neufs\/#breadcrumb","itemListElement":[{"@type":"ListItem","position":1,"name":"Accueil","item":"https:\/\/www.automobiles-caveng.ch\/mercedes-benz\/"},{"@type":"ListItem","position":2,"name":"Stock v\u00e9hicules neufs"}]},{"@type":"WebSite","@id":"https:\/\/www.automobiles-caveng.ch\/mercedes-benz\/#website","url":"https:\/\/www.automobiles-caveng.ch\/mercedes-benz\/","name":"Automobiles Caveng Mercedes-Benz Gen\u00e8ve","description":"","potentialAction":[{"@type":"SearchAction","target":{"@type":"EntryPoint","urlTemplate":"https:\/\/www.automobiles-caveng.ch\/mercedes-benz\/?s={search_term_string}"},"query-input":{"@type":"PropertyValueSpecification","valueRequired":true,"valueName":"search_term_string"}}],"inLanguage":"fr-FR"}]}},"_links":{"self":[{"href":"https:\/\/www.automobiles-caveng.ch\/mercedes-benz\/wp-json\/wp\/v2\/pages\/8179","targetHints":{"allow":["GET"]}}],"collection":[{"href":"https:\/\/www.automobiles-caveng.ch\/mercedes-benz\/wp-json\/wp\/v2\/pages"}],"about":[{"href":"https:\/\/www.automobiles-caveng.ch\/mercedes-benz\/wp-json\/wp\/v2\/types\/page"}],"author":[{"embeddable":true,"href":"https:\/\/www.automobiles-caveng.ch\/mercedes-benz\/wp-json\/wp\/v2\/users\/1"}],"replies":[{"embeddable":true,"href":"https:\/\/www.automobiles-caveng.ch\/mercedes-benz\/wp-json\/wp\/v2\/comments?post=8179"}],"version-history":[{"count":0,"href":"https:\/\/www.automobiles-caveng.ch\/mercedes-benz\/wp-json\/wp\/v2\/pages\/8179\/revisions"}],"wp:attachment":[{"href":"https:\/\/www.automobiles-caveng.ch\/mercedes-benz\/wp-json\/wp\/v2\/media?parent=8179"}],"curies":[{"name":"wp","href":"https:\/\/api.w.org\/{rel}","templated":true}]}}