{"id":3,"date":"2023-11-07T12:32:37","date_gmt":"2023-11-07T11:32:37","guid":{"rendered":"https:\/\/automobiles-caveng.ch\/mercedes-benz\/new\/?page_id=3"},"modified":"2023-11-29T11:44:54","modified_gmt":"2023-11-29T10:44:54","slug":"politique-de-confidentialite","status":"publish","type":"page","link":"https:\/\/www.automobiles-caveng.ch\/mercedes-benz\/politique-de-confidentialite\/","title":{"rendered":"Politique de confidentialit\u00e9"},"content":{"rendered":"\t\t<div data-elementor-type=\"wp-page\" data-elementor-id=\"3\" class=\"elementor elementor-3\">\n\t\t\t\t<div class=\"has_eae_slider elementor-element elementor-element-26d44a2a e-flex e-con-boxed e-con e-parent\" data-eae-slider=\"83568\" data-id=\"26d44a2a\" data-element_type=\"container\">\n\t\t\t\t\t<div class=\"e-con-inner\">\n\t\t\t\t<div class=\"elementor-element elementor-element-6a40ffc0 elementor-widget elementor-widget-text-editor\" data-id=\"6a40ffc0\" data-element_type=\"widget\" data-widget_type=\"text-editor.default\">\n\t\t\t\t<div class=\"elementor-widget-container\">\n\t\t\t\t\t\t\t\t\t\n<h2 class=\"wp-block-heading\">POLITIQUE DE CONFIDENTIALIT\u00c9<\/h2>\n<h2>1. PROTECTION DES DONN\u00c9ES<\/h2>\n<p>Automobiles Caveng Mercedes-Benz prend tr\u00e8s au s\u00e9rieux la protection de vos donn\u00e9es personnelles. Nous traitons vos donn\u00e9es personnelles de mani\u00e8re confidentielle et conform\u00e9ment aux dispositions l\u00e9gales de la Loi f\u00e9d\u00e9rale Suisse (nLPD) en mati\u00e8re de protection des donn\u00e9es et \u00e0 la pr\u00e9sente d\u00e9claration de protection des donn\u00e9es.<\/p>\n<p>L\u2019utilisation de notre site est possible sans fournir de donn\u00e9es personnelles. Dans la mesure o\u00f9 des donn\u00e9es personnelles (par exemple le nom, l\u2019adresse ou l\u2019adresse e-mail) sont collect\u00e9es sur notre site afin de vous permettre de b\u00e9n\u00e9ficier d\u2019un abonnement, cela se fait toujours sur une base volontaire. Ces donn\u00e9es ne sont pas transmises \u00e0 des tiers.\u00a0<\/p>\n<h2>2. COLLECTE DE DONN\u00c9ES PERSONNELLES<\/h2>\n<p>Nous ne collectons des donn\u00e9es personnelles que si elles sont n\u00e9cessaires \u00e0 la fourniture du service sp\u00e9cifique.<br \/>Vous pouvez visiter notre site Automobiles Caveng Mercedes-Benz sans fournir d\u2019informations personnelles. Nous ne conservons que les donn\u00e9es d\u2019acc\u00e8s sans r\u00e9f\u00e9rence personnelle comme le nom de votre fournisseur d\u2019acc\u00e8s Internet, la page \u00e0 partir de laquelle vous nous visitez ou le nom du fichier demand\u00e9. Ces donn\u00e9es sont \u00e9valu\u00e9es exclusivement pour l\u2019am\u00e9lioration de notre site et ne permettent aucune conclusion sur votre identit\u00e9.<\/p>\n<p>Les donn\u00e9es personnelles relatives \u00e0 l\u2019identit\u00e9 d\u2019un abonn\u00e9, telles que le nom, l\u2019adresse, l\u2019adresse postale, le num\u00e9ro de t\u00e9l\u00e9phone ou l\u2019adresse e-mail ne sont collect\u00e9es sur notre site Internet que si vous les fournissez volontairement lorsque vous vous inscrivez pour un abonnement via le formulaire de contact du site Internet ou d\u2019une autre mani\u00e8re, par exemple par e-mail.<\/p>\n<h2>3. UTILISATION DES DONN\u00c9ES PERSONNELLES<\/h2>\n<p>Les donn\u00e9es personnelles collect\u00e9es sur les formulaires :<\/p>\n<ul>\n<li>Formulaire de contact<\/li>\n<li>Inscription Newsletter<\/li>\n<\/ul>\n<p>sont :<\/p>\n<ul>\n<li>Le nom,<\/li>\n<li>Pr\u00e9nom,<\/li>\n<li>T\u00e9l\u00e9phone,<\/li>\n<li>Adresse email,<\/li>\n<\/ul>\n<p>Ces donn\u00e9es de formulaires sont stock\u00e9es en copie sur le site Automobiles Caveng Mercedes-Benz.<\/p>\n<p>Les donn\u00e9es sont uniquement utilis\u00e9es (et \u00e0 cette seule fin) pour r\u00e9pondre pr\u00e9cis\u00e9ment aux demandes de renseignements de clients ou de potentiels clients dans le cadre des activit\u00e9s d\u2019 Automobiles Caveng Mercedes-Benz.<\/p>\n<p><strong>Op\u00e9rations de marketing automatis\u00e9 et\/ou de profilage r\u00e9alis\u00e9es \u00e0 l\u2019aide des donn\u00e9es personnelles<\/strong><\/p>\n<p>Il est propos\u00e9 sur le site Automobiles Caveng Mercedes-Benz de s\u2019inscrire \u00e0 la newsletter. Dans le cas d\u2019une inscription, seule la donn\u00e9e Email est conserv\u00e9e sur le site d\u2019envoi de newsletters via le logiciel Brevo pour l\u2019envoi ponctuel ou automatis\u00e9 de newsletter. Les emails ne sont pas utilis\u00e9s par des tiers.<\/p>\n<h2>4. TRANSMISSION DE DONN\u00c9ES PERSONNELLES \u00c0 DES TIERS<\/h2>\n<p>Vos donn\u00e9es ne seront pas transmises \u00e0 moins que nous ne soyons l\u00e9galement oblig\u00e9s de le faire (par exemple demande d\u2019une autorit\u00e9 d\u2019enqu\u00eate) ou autoris\u00e9s (par exemple dans le cadre du traitement des donn\u00e9es de commande) ou que vous n\u2019ayez express\u00e9ment consenti \u00e0 leur transmission \u00e0 des tiers.<br \/>En particulier, les donn\u00e9es sont transmises \u00e0 des tiers si cela est n\u00e9cessaire pour l\u2019ex\u00e9cution et le traitement du contrat. Ces tiers sont bien entendu tenus de prot\u00e9ger vos donn\u00e9es et de ne les utiliser que dans le but pr\u00e9cis qui leur est assign\u00e9. En outre, ils sont tenus de traiter les donn\u00e9es conform\u00e9ment \u00e0 cette d\u00e9claration de protection des donn\u00e9es et \u00e0 la situation juridique applicable.<\/p>\n<h2>5. DROIT \u00c0 L\u2019INFORMATION, \u00c0 L\u2019EFFACEMENT, AU BLOCAGE<\/h2>\n<p>Vous avez le droit d\u2019obtenir \u00e0 tout moment les informations sur vos donn\u00e9es personnelles stock\u00e9es, leur origine et leurs destinataires et la finalit\u00e9 du traitement des donn\u00e9es, ainsi qu\u2019un droit de rectification, de blocage ou de suppression de ces donn\u00e9es.<\/p>\n<p>Si vous souhaitez supprimer d\u00e9finitivement vos donn\u00e9es personnelles de notre base de donn\u00e9e, il vous suffit de nous le demander \u00e0 l\u2019aide de notre formulaire de contact, accessible pour tous nos abonn\u00e9s.<\/p>\n<h2>\u00a06. S\u00c9CURIT\u00c9 DES DONN\u00c9ES<\/h2>\n<p>Vos donn\u00e9es personnelles, qui sont \u00e9chang\u00e9es avec nous via le site Web, sont g\u00e9n\u00e9ralement transmises sous forme crypt\u00e9e, ce qui correspond \u00e0 l\u2019\u00e9tat actuel de la technique. Nous prot\u00e9geons notre site Web et d\u2019autres syst\u00e8mes par des mesures techniques et organisationnelles contre la perte, la destruction, l\u2019acc\u00e8s, la modification ou la distribution de vos donn\u00e9es par des personnes non autoris\u00e9es.<\/p>\n<h2>7. UTILISATION DE COOKIES<\/h2>\n<p>Veuillez consulter\u00a0<a href=\"https:\/\/www.automobiles-caveng.ch\/mercedes-benz\/politique-de-cookies\/\">notre d\u00e9claration relative aux cookies<\/a>\u00a0pour savoir de quelle fa\u00e7on vous pouvez r\u00e9gler vos param\u00e8tres concernant les cookies et pour obtenir des informations d\u00e9taill\u00e9es sur les cookies que nous utilisons et l\u2019usage que nous en faisons.<\/p>\n<h2>8. R\u00c9F\u00c9RENCES \u00c0 DES LIENS EXTERNES<\/h2>\n<p>Les articles de ce site peuvent inclure des contenus int\u00e9gr\u00e9s (par exemple des vid\u00e9os, images, articles\u2026). Le contenu int\u00e9gr\u00e9 depuis d\u2019autres sites se comporte de la m\u00eame mani\u00e8re que si le visiteur se rendait sur cet autre site.<\/p>\n<p>Ces sites web pourraient collecter des donn\u00e9es sur vous, utiliser des cookies, embarquer des outils de suivis tiers, suivre vos interactions avec ces contenus embarqu\u00e9s si vous disposez d\u2019un compte connect\u00e9 sur leur site web.<\/p>\n<h2>9. MODIFICATIONS<\/h2>\n<div>Nous sommes susceptibles de modifier sans pr\u00e9avis la pr\u00e9sente politique de confidentialit\u00e9. La version actuellement publi\u00e9e sur notre site web s\u2019applique. Si la politique de confidentialit\u00e9 fait partie d\u2019un accord conclu avec vous, nous vous informerons par courrier \u00e9lectronique ou par tout autre moyen appropri\u00e9 si nous la modifions.<\/div>\n<div>\u00a0<\/div>\n<div>\n<div>\n<h2>10. QUESTION AU D\u00c9L\u00c9GU\u00c9 \u00c0 LA PROTECTION DES DONN\u00c9ES<\/h2>\n<p>Si vous avez des questions concernant la protection de la confidentialit\u00e9, veuillez nous \u00e9crire un e\u2011mail via notre formulaire de contact.<\/p>\n<\/div>\n<\/div>\n\t\t\t\t\t\t\t\t<\/div>\n\t\t\t\t<\/div>\n\t\t\t\t\t<\/div>\n\t\t\t\t<\/div>\n\t\t\t\t<\/div>\n\t\t","protected":false},"excerpt":{"rendered":"<p>POLITIQUE DE CONFIDENTIALIT\u00c9 1. PROTECTION DES DONN\u00c9ES Automobiles Caveng Mercedes-Benz prend tr\u00e8s au s\u00e9rieux la protection de vos donn\u00e9es personnelles. Nous traitons vos donn\u00e9es personnelles de mani\u00e8re confidentielle et conform\u00e9ment aux dispositions l\u00e9gales de la Loi f\u00e9d\u00e9rale Suisse (nLPD) en mati\u00e8re de protection des donn\u00e9es et \u00e0 la pr\u00e9sente d\u00e9claration de protection des donn\u00e9es. L\u2019utilisation [&hellip;]<\/p>\n","protected":false},"author":1,"featured_media":0,"parent":0,"menu_order":0,"comment_status":"closed","ping_status":"open","template":"","meta":{"footnotes":""},"class_list":["post-3","page","type-page","status-publish","hentry"],"yoast_head":"<!-- This site is optimized with the Yoast SEO plugin v26.3 - https:\/\/yoast.com\/wordpress\/plugins\/seo\/ -->\n<title>Politique de confidentialit\u00e9 | Automobiles Caveng Mercedes-Benz Gen\u00e8ve<\/title>\n<meta name=\"robots\" content=\"index, follow, max-snippet:-1, max-image-preview:large, max-video-preview:-1\" \/>\n<link rel=\"canonical\" href=\"https:\/\/www.automobiles-caveng.ch\/mercedes-benz\/politique-de-confidentialite\/\" \/>\n<meta property=\"og:locale\" content=\"fr_FR\" \/>\n<meta property=\"og:type\" content=\"article\" \/>\n<meta property=\"og:title\" content=\"Politique de confidentialit\u00e9 | Automobiles Caveng Mercedes-Benz Gen\u00e8ve\" \/>\n<meta property=\"og:description\" content=\"POLITIQUE DE CONFIDENTIALIT\u00c9 1. PROTECTION DES DONN\u00c9ES Automobiles Caveng Mercedes-Benz prend tr\u00e8s au s\u00e9rieux la protection de vos donn\u00e9es personnelles. Nous traitons vos donn\u00e9es personnelles de mani\u00e8re confidentielle et conform\u00e9ment aux dispositions l\u00e9gales de la Loi f\u00e9d\u00e9rale Suisse (nLPD) en mati\u00e8re de protection des donn\u00e9es et \u00e0 la pr\u00e9sente d\u00e9claration de protection des donn\u00e9es. L\u2019utilisation [&hellip;]\" \/>\n<meta property=\"og:url\" content=\"https:\/\/www.automobiles-caveng.ch\/mercedes-benz\/politique-de-confidentialite\/\" \/>\n<meta property=\"og:site_name\" content=\"Automobiles Caveng Mercedes-Benz Gen\u00e8ve\" \/>\n<meta property=\"article:publisher\" content=\"https:\/\/www.facebook.com\/mercedesbenzcaveng\" \/>\n<meta property=\"article:modified_time\" content=\"2023-11-29T10:44:54+00:00\" \/>\n<meta property=\"og:image\" content=\"https:\/\/www.automobiles-caveng.ch\/mercedes-benz\/wp-content\/uploads\/2023\/11\/contact-header.jpg\" \/>\n\t<meta property=\"og:image:width\" content=\"1400\" \/>\n\t<meta property=\"og:image:height\" content=\"484\" \/>\n\t<meta property=\"og:image:type\" content=\"image\/jpeg\" \/>\n<meta name=\"twitter:card\" content=\"summary_large_image\" \/>\n<meta name=\"twitter:label1\" content=\"Dur\u00e9e de lecture estim\u00e9e\" \/>\n\t<meta name=\"twitter:data1\" content=\"5 minutes\" \/>\n<script type=\"application\/ld+json\" class=\"yoast-schema-graph\">{\"@context\":\"https:\/\/schema.org\",\"@graph\":[{\"@type\":\"WebPage\",\"@id\":\"https:\/\/www.automobiles-caveng.ch\/mercedes-benz\/politique-de-confidentialite\/\",\"url\":\"https:\/\/www.automobiles-caveng.ch\/mercedes-benz\/politique-de-confidentialite\/\",\"name\":\"Politique de confidentialit\u00e9 | Automobiles Caveng Mercedes-Benz Gen\u00e8ve\",\"isPartOf\":{\"@id\":\"https:\/\/www.automobiles-caveng.ch\/mercedes-benz\/#website\"},\"datePublished\":\"2023-11-07T11:32:37+00:00\",\"dateModified\":\"2023-11-29T10:44:54+00:00\",\"breadcrumb\":{\"@id\":\"https:\/\/www.automobiles-caveng.ch\/mercedes-benz\/politique-de-confidentialite\/#breadcrumb\"},\"inLanguage\":\"fr-FR\",\"potentialAction\":[{\"@type\":\"ReadAction\",\"target\":[\"https:\/\/www.automobiles-caveng.ch\/mercedes-benz\/politique-de-confidentialite\/\"]}]},{\"@type\":\"BreadcrumbList\",\"@id\":\"https:\/\/www.automobiles-caveng.ch\/mercedes-benz\/politique-de-confidentialite\/#breadcrumb\",\"itemListElement\":[{\"@type\":\"ListItem\",\"position\":1,\"name\":\"Accueil\",\"item\":\"https:\/\/www.automobiles-caveng.ch\/mercedes-benz\/\"},{\"@type\":\"ListItem\",\"position\":2,\"name\":\"Politique de confidentialit\u00e9\"}]},{\"@type\":\"WebSite\",\"@id\":\"https:\/\/www.automobiles-caveng.ch\/mercedes-benz\/#website\",\"url\":\"https:\/\/www.automobiles-caveng.ch\/mercedes-benz\/\",\"name\":\"Automobiles Caveng Mercedes-Benz Gen\u00e8ve\",\"description\":\"\",\"potentialAction\":[{\"@type\":\"SearchAction\",\"target\":{\"@type\":\"EntryPoint\",\"urlTemplate\":\"https:\/\/www.automobiles-caveng.ch\/mercedes-benz\/?s={search_term_string}\"},\"query-input\":{\"@type\":\"PropertyValueSpecification\",\"valueRequired\":true,\"valueName\":\"search_term_string\"}}],\"inLanguage\":\"fr-FR\"}]}<\/script>\n<!-- \/ Yoast SEO plugin. -->","yoast_head_json":{"title":"Politique de confidentialit\u00e9 | Automobiles Caveng Mercedes-Benz Gen\u00e8ve","robots":{"index":"index","follow":"follow","max-snippet":"max-snippet:-1","max-image-preview":"max-image-preview:large","max-video-preview":"max-video-preview:-1"},"canonical":"https:\/\/www.automobiles-caveng.ch\/mercedes-benz\/politique-de-confidentialite\/","og_locale":"fr_FR","og_type":"article","og_title":"Politique de confidentialit\u00e9 | Automobiles Caveng Mercedes-Benz Gen\u00e8ve","og_description":"POLITIQUE DE CONFIDENTIALIT\u00c9 1. PROTECTION DES DONN\u00c9ES Automobiles Caveng Mercedes-Benz prend tr\u00e8s au s\u00e9rieux la protection de vos donn\u00e9es personnelles. Nous traitons vos donn\u00e9es personnelles de mani\u00e8re confidentielle et conform\u00e9ment aux dispositions l\u00e9gales de la Loi f\u00e9d\u00e9rale Suisse (nLPD) en mati\u00e8re de protection des donn\u00e9es et \u00e0 la pr\u00e9sente d\u00e9claration de protection des donn\u00e9es. L\u2019utilisation [&hellip;]","og_url":"https:\/\/www.automobiles-caveng.ch\/mercedes-benz\/politique-de-confidentialite\/","og_site_name":"Automobiles Caveng Mercedes-Benz Gen\u00e8ve","article_publisher":"https:\/\/www.facebook.com\/mercedesbenzcaveng","article_modified_time":"2023-11-29T10:44:54+00:00","og_image":[{"width":1400,"height":484,"url":"https:\/\/www.automobiles-caveng.ch\/mercedes-benz\/wp-content\/uploads\/2023\/11\/contact-header.jpg","type":"image\/jpeg"}],"twitter_card":"summary_large_image","twitter_misc":{"Dur\u00e9e de lecture estim\u00e9e":"5 minutes"},"schema":{"@context":"https:\/\/schema.org","@graph":[{"@type":"WebPage","@id":"https:\/\/www.automobiles-caveng.ch\/mercedes-benz\/politique-de-confidentialite\/","url":"https:\/\/www.automobiles-caveng.ch\/mercedes-benz\/politique-de-confidentialite\/","name":"Politique de confidentialit\u00e9 | Automobiles Caveng Mercedes-Benz Gen\u00e8ve","isPartOf":{"@id":"https:\/\/www.automobiles-caveng.ch\/mercedes-benz\/#website"},"datePublished":"2023-11-07T11:32:37+00:00","dateModified":"2023-11-29T10:44:54+00:00","breadcrumb":{"@id":"https:\/\/www.automobiles-caveng.ch\/mercedes-benz\/politique-de-confidentialite\/#breadcrumb"},"inLanguage":"fr-FR","potentialAction":[{"@type":"ReadAction","target":["https:\/\/www.automobiles-caveng.ch\/mercedes-benz\/politique-de-confidentialite\/"]}]},{"@type":"BreadcrumbList","@id":"https:\/\/www.automobiles-caveng.ch\/mercedes-benz\/politique-de-confidentialite\/#breadcrumb","itemListElement":[{"@type":"ListItem","position":1,"name":"Accueil","item":"https:\/\/www.automobiles-caveng.ch\/mercedes-benz\/"},{"@type":"ListItem","position":2,"name":"Politique de confidentialit\u00e9"}]},{"@type":"WebSite","@id":"https:\/\/www.automobiles-caveng.ch\/mercedes-benz\/#website","url":"https:\/\/www.automobiles-caveng.ch\/mercedes-benz\/","name":"Automobiles Caveng Mercedes-Benz Gen\u00e8ve","description":"","potentialAction":[{"@type":"SearchAction","target":{"@type":"EntryPoint","urlTemplate":"https:\/\/www.automobiles-caveng.ch\/mercedes-benz\/?s={search_term_string}"},"query-input":{"@type":"PropertyValueSpecification","valueRequired":true,"valueName":"search_term_string"}}],"inLanguage":"fr-FR"}]}},"_links":{"self":[{"href":"https:\/\/www.automobiles-caveng.ch\/mercedes-benz\/wp-json\/wp\/v2\/pages\/3","targetHints":{"allow":["GET"]}}],"collection":[{"href":"https:\/\/www.automobiles-caveng.ch\/mercedes-benz\/wp-json\/wp\/v2\/pages"}],"about":[{"href":"https:\/\/www.automobiles-caveng.ch\/mercedes-benz\/wp-json\/wp\/v2\/types\/page"}],"author":[{"embeddable":true,"href":"https:\/\/www.automobiles-caveng.ch\/mercedes-benz\/wp-json\/wp\/v2\/users\/1"}],"replies":[{"embeddable":true,"href":"https:\/\/www.automobiles-caveng.ch\/mercedes-benz\/wp-json\/wp\/v2\/comments?post=3"}],"version-history":[{"count":0,"href":"https:\/\/www.automobiles-caveng.ch\/mercedes-benz\/wp-json\/wp\/v2\/pages\/3\/revisions"}],"wp:attachment":[{"href":"https:\/\/www.automobiles-caveng.ch\/mercedes-benz\/wp-json\/wp\/v2\/media?parent=3"}],"curies":[{"name":"wp","href":"https:\/\/api.w.org\/{rel}","templated":true}]}}