{"id":9072,"date":"2023-06-08T12:48:19","date_gmt":"2023-06-08T10:48:19","guid":{"rendered":"https:\/\/automobiles-caveng.ch\/centre-occasion\/new\/?page_id=9072"},"modified":"2026-03-17T17:00:32","modified_gmt":"2026-03-17T16:00:32","slug":"stock-vehicules-neufs","status":"publish","type":"page","link":"https:\/\/www.automobiles-caveng.ch\/centre-occasion\/stock-vehicules-neufs\/","title":{"rendered":"Stock v\u00e9hicules neufs"},"content":{"rendered":"\t\t<div data-elementor-type=\"wp-page\" data-elementor-id=\"9072\" class=\"elementor elementor-9072\">\n\t\t\t\t\t\t<section class=\"elementor-section elementor-top-section elementor-element elementor-element-d5624a7 elementor-section-full_width qodef-elementor-content-grid elementor-section-height-default elementor-section-height-default\" data-id=\"d5624a7\" data-element_type=\"section\">\n\t\t\t\t\t\t<div class=\"elementor-container elementor-column-gap-default\">\n\t\t\t\t\t<div class=\"elementor-column elementor-col-100 elementor-top-column elementor-element elementor-element-1a46f2d\" data-id=\"1a46f2d\" data-element_type=\"column\" data-settings=\"{&quot;background_background&quot;:&quot;classic&quot;}\">\n\t\t\t<div class=\"elementor-widget-wrap elementor-element-populated\">\n\t\t\t\t\t\t<div class=\"elementor-element elementor-element-7691fb7 elementor-hidden-mobile elementor-widget elementor-widget-luxedrive_core_section_title\" data-id=\"7691fb7\" data-element_type=\"widget\" data-widget_type=\"luxedrive_core_section_title.default\">\n\t\t\t\t<div class=\"elementor-widget-container\">\n\t\t\t\t\t<div class=\"qodef-shortcode qodef-m qodef-section-title qodef-alignment--left\">\n\t\t<h2 class=\"qodef-m-title\" style=\"color: #FFFFFF\">\n\t\t\t\t\tTous les v\u00e9hicules en stock en un coup d\u2019\u0153il.\t\t\t<\/h2>\n\t\t<span class=\"qodef-m-subtitle\" style=\"color: #256F9C\">V\u00e9hicules neufs disponibles<\/span>\n\t<\/div>\n\t\t\t\t<\/div>\n\t\t\t\t<\/div>\n\t\t\t\t<div class=\"elementor-element elementor-element-86aa0e3 elementor-hidden-desktop elementor-hidden-tablet elementor-widget elementor-widget-luxedrive_core_section_title\" data-id=\"86aa0e3\" data-element_type=\"widget\" data-widget_type=\"luxedrive_core_section_title.default\">\n\t\t\t\t<div class=\"elementor-widget-container\">\n\t\t\t\t\t<div class=\"qodef-shortcode qodef-m qodef-section-title qodef-alignment--left\">\n\t\t<h5 class=\"qodef-m-title\" style=\"color: #FFFFFF\">\n\t\t\t\t\tTous les v\u00e9hicules en stock en un coup d\u2019\u0153il.\t\t\t<\/h5>\n\t\t<span class=\"qodef-m-subtitle\" style=\"color: #256F9C\">V\u00e9hicules neufs disponibles<\/span>\n\t<\/div>\n\t\t\t\t<\/div>\n\t\t\t\t<\/div>\n\t\t\t\t<div class=\"elementor-element elementor-element-eb0da49 elementor-widget elementor-widget-text-editor\" data-id=\"eb0da49\" data-element_type=\"widget\" data-widget_type=\"text-editor.default\">\n\t\t\t\t<div class=\"elementor-widget-container\">\n\t\t\t\t\t\t\t\t\t<p>Trouvez le v\u00e9hicule Mercedes-Benz de vos r\u00eaves \u00e0 un prix incroyable et surtout pr\u00eat \u00e0 d\u00e9marrer imm\u00e9diatement.<br \/>D\u00e9couvrez d\u00e8s maintenant tous les v\u00e9hicules en stock disponibles et profitez de conditions de leasing attrayants.<\/p>\t\t\t\t\t\t\t\t<\/div>\n\t\t\t\t<\/div>\n\t\t\t\t\t<\/div>\n\t\t<\/div>\n\t\t\t\t\t<\/div>\n\t\t<\/section>\n\t\t\t\t<section class=\"elementor-section elementor-top-section elementor-element elementor-element-707802a elementor-section-boxed elementor-section-height-default elementor-section-height-default\" data-id=\"707802a\" data-element_type=\"section\">\n\t\t\t\t\t\t<div class=\"elementor-container elementor-column-gap-default\">\n\t\t\t\t\t<div class=\"elementor-column elementor-col-100 elementor-top-column elementor-element elementor-element-a25a6b9\" data-id=\"a25a6b9\" data-element_type=\"column\">\n\t\t\t<div class=\"elementor-widget-wrap elementor-element-populated\">\n\t\t\t\t\t\t<div class=\"elementor-element elementor-element-77d635d elementor-widget elementor-widget-html\" data-id=\"77d635d\" data-element_type=\"widget\" data-widget_type=\"html.default\">\n\t\t\t\t<div class=\"elementor-widget-container\">\n\t\t\t\t\t<div class=\"hci-container\" data-config-id=\"2887\" data-language=\"fr\" data-entry-point=\"search\"><\/div><script src=\"https:\/\/www.autoscout24.ch\/assets\/hci\/v2\/hci.current.js\"><\/script>\t\t\t\t<\/div>\n\t\t\t\t<\/div>\n\t\t\t\t\t<\/div>\n\t\t<\/div>\n\t\t\t\t\t<\/div>\n\t\t<\/section>\n\t\t\t\t<section class=\"elementor-section elementor-top-section elementor-element elementor-element-2a801a0 elementor-section-full_width elementor-section-height-default elementor-section-height-default\" data-id=\"2a801a0\" data-element_type=\"section\" data-settings=\"{&quot;background_background&quot;:&quot;classic&quot;}\">\n\t\t\t\t\t\t<div class=\"elementor-container elementor-column-gap-default\">\n\t\t\t\t\t<div class=\"elementor-column elementor-col-50 elementor-top-column elementor-element elementor-element-d016c07\" data-id=\"d016c07\" data-element_type=\"column\" data-settings=\"{&quot;background_background&quot;:&quot;classic&quot;}\">\n\t\t\t<div class=\"elementor-widget-wrap elementor-element-populated\">\n\t\t\t\t\t\t<div class=\"elementor-element elementor-element-cb726e3 elementor-widget elementor-widget-spacer\" data-id=\"cb726e3\" data-element_type=\"widget\" data-widget_type=\"spacer.default\">\n\t\t\t\t<div class=\"elementor-widget-container\">\n\t\t\t\t\t\t\t<div class=\"elementor-spacer\">\n\t\t\t<div class=\"elementor-spacer-inner\"><\/div>\n\t\t<\/div>\n\t\t\t\t\t\t<\/div>\n\t\t\t\t<\/div>\n\t\t\t\t\t<\/div>\n\t\t<\/div>\n\t\t\t\t<div class=\"elementor-column elementor-col-50 elementor-top-column elementor-element elementor-element-45ae390\" data-id=\"45ae390\" data-element_type=\"column\" data-settings=\"{&quot;background_background&quot;:&quot;classic&quot;}\">\n\t\t\t<div class=\"elementor-widget-wrap elementor-element-populated\">\n\t\t\t\t\t\t<div class=\"elementor-element elementor-element-239d54f elementor-widget elementor-widget-luxedrive_core_section_title\" data-id=\"239d54f\" data-element_type=\"widget\" data-widget_type=\"luxedrive_core_section_title.default\">\n\t\t\t\t<div class=\"elementor-widget-container\">\n\t\t\t\t\t<div class=\"qodef-shortcode qodef-m qodef-section-title qodef-alignment--left qodef-title-break--disabled\">\n\t\t<h2 class=\"qodef-m-title\" style=\"color: #FFFFFF\">\n\t\t\t\t\tBesoin d'un conseil ?\t\t\t<\/h2>\n\t\t<span class=\"qodef-m-subtitle\" style=\"color: #256F9C\">Nos experts sont \u00e0 votre \u00e9coute<\/span>\n\t\t<p class=\"qodef-m-text\" style=\"margin-top: 26px;color: #A6A6A6\">Si vous avez des questions \u00e0 propos de votre futur v\u00e9hicule, sur nos services. ou prendre rendez-vous veuillez nous contacter.<\/p>\n<\/div>\n\t\t\t\t<\/div>\n\t\t\t\t<\/div>\n\t\t\t\t<div class=\"elementor-element elementor-element-7b7ccc3 elementor-widget elementor-widget-luxedrive_core_button\" data-id=\"7b7ccc3\" data-element_type=\"widget\" data-widget_type=\"luxedrive_core_button.default\">\n\t\t\t\t<div class=\"elementor-widget-container\">\n\t\t\t\t\t<a class=\"qodef-shortcode qodef-m qodef-button qodef-layout--outlined qodef-html--link\" href=\"https:\/\/www.automobiles-caveng.ch\/centre-occasion\/contact\" target=\"_self\" data-hover-color=\"#256F9C\" style=\"color: #FFFFFF\">\n\t<span class=\"qodef-m-text\">CONTACT<\/span>\n<\/a>\n\t\t\t\t<\/div>\n\t\t\t\t<\/div>\n\t\t\t\t\t<\/div>\n\t\t<\/div>\n\t\t\t\t\t<\/div>\n\t\t<\/section>\n\t\t\t\t<\/div>\n\t\t","protected":false},"excerpt":{"rendered":"<p>Tous les v\u00e9hicules en stock en un coup d\u2019\u0153il. V\u00e9hicules neufs disponibles Tous les v\u00e9hicules en stock en un coup d\u2019\u0153il. V\u00e9hicules neufs disponibles Trouvez le v\u00e9hicule Mercedes-Benz de vos r\u00eaves \u00e0 un prix incroyable et surtout pr\u00eat \u00e0 d\u00e9marrer imm\u00e9diatement.D\u00e9couvrez d\u00e8s maintenant tous les v\u00e9hicules en stock disponibles et profitez de conditions de leasing [&hellip;]<\/p>\n","protected":false},"author":1,"featured_media":0,"parent":0,"menu_order":0,"comment_status":"closed","ping_status":"closed","template":"page-full-width.php","meta":{"footnotes":""},"class_list":["post-9072","page","type-page","status-publish","hentry"],"yoast_head":"<!-- This site is optimized with the Yoast SEO plugin v26.2 - https:\/\/yoast.com\/wordpress\/plugins\/seo\/ -->\n<title>Stock v\u00e9hicules neufs | Centre Occasions Mercedes-Benz Certified Gen\u00e8ve<\/title>\n<meta name=\"description\" content=\"D\u00e9couvrez d\u00e8s maintenant tous les v\u00e9hicules en stock disponibles et profitez de conditions de leasing attrayants.\" \/>\n<meta name=\"robots\" content=\"index, follow, max-snippet:-1, max-image-preview:large, max-video-preview:-1\" \/>\n<link rel=\"canonical\" href=\"https:\/\/www.automobiles-caveng.ch\/centre-occasion\/stock-vehicules-neufs\/\" \/>\n<meta property=\"og:locale\" content=\"fr_FR\" \/>\n<meta property=\"og:type\" content=\"article\" \/>\n<meta property=\"og:title\" content=\"Stock v\u00e9hicules neufs | Centre Occasions Mercedes-Benz Certified Gen\u00e8ve\" \/>\n<meta property=\"og:description\" content=\"D\u00e9couvrez d\u00e8s maintenant tous les v\u00e9hicules en stock disponibles et profitez de conditions de leasing attrayants.\" \/>\n<meta property=\"og:url\" content=\"https:\/\/www.automobiles-caveng.ch\/centre-occasion\/stock-vehicules-neufs\/\" \/>\n<meta property=\"og:site_name\" content=\"Centre Occasions Mercedes-Benz Certified Gen\u00e8ve\" \/>\n<meta property=\"article:publisher\" content=\"https:\/\/www.facebook.com\/centreoccasionscaveng\/\" \/>\n<meta property=\"article:modified_time\" content=\"2026-03-17T16:00:32+00:00\" \/>\n<meta property=\"og:image\" content=\"https:\/\/www.automobiles-caveng.ch\/centre-occasion\/wp-content\/uploads\/2023\/07\/SL-AMG.jpg\" \/>\n\t<meta property=\"og:image:width\" content=\"1928\" \/>\n\t<meta property=\"og:image:height\" content=\"1293\" \/>\n\t<meta property=\"og:image:type\" content=\"image\/jpeg\" \/>\n<meta name=\"twitter:card\" content=\"summary_large_image\" \/>\n<meta name=\"twitter:label1\" content=\"Dur\u00e9e de lecture estim\u00e9e\" \/>\n\t<meta name=\"twitter:data1\" content=\"1 minute\" \/>\n<script type=\"application\/ld+json\" class=\"yoast-schema-graph\">{\"@context\":\"https:\/\/schema.org\",\"@graph\":[{\"@type\":\"WebPage\",\"@id\":\"https:\/\/www.automobiles-caveng.ch\/centre-occasion\/stock-vehicules-neufs\/\",\"url\":\"https:\/\/www.automobiles-caveng.ch\/centre-occasion\/stock-vehicules-neufs\/\",\"name\":\"Stock v\u00e9hicules neufs | Centre Occasions Mercedes-Benz Certified Gen\u00e8ve\",\"isPartOf\":{\"@id\":\"https:\/\/www.automobiles-caveng.ch\/centre-occasion\/#website\"},\"datePublished\":\"2023-06-08T10:48:19+00:00\",\"dateModified\":\"2026-03-17T16:00:32+00:00\",\"description\":\"D\u00e9couvrez d\u00e8s maintenant tous les v\u00e9hicules en stock disponibles et profitez de conditions de leasing attrayants.\",\"breadcrumb\":{\"@id\":\"https:\/\/www.automobiles-caveng.ch\/centre-occasion\/stock-vehicules-neufs\/#breadcrumb\"},\"inLanguage\":\"fr-FR\",\"potentialAction\":[{\"@type\":\"ReadAction\",\"target\":[\"https:\/\/www.automobiles-caveng.ch\/centre-occasion\/stock-vehicules-neufs\/\"]}]},{\"@type\":\"BreadcrumbList\",\"@id\":\"https:\/\/www.automobiles-caveng.ch\/centre-occasion\/stock-vehicules-neufs\/#breadcrumb\",\"itemListElement\":[{\"@type\":\"ListItem\",\"position\":1,\"name\":\"Accueil\",\"item\":\"https:\/\/www.automobiles-caveng.ch\/centre-occasion\/\"},{\"@type\":\"ListItem\",\"position\":2,\"name\":\"Stock v\u00e9hicules neufs\"}]},{\"@type\":\"WebSite\",\"@id\":\"https:\/\/www.automobiles-caveng.ch\/centre-occasion\/#website\",\"url\":\"https:\/\/www.automobiles-caveng.ch\/centre-occasion\/\",\"name\":\"Centre Occasions Mercedes-Benz Certified Gen\u00e8ve\",\"description\":\"\",\"publisher\":{\"@id\":\"https:\/\/www.automobiles-caveng.ch\/centre-occasion\/#organization\"},\"potentialAction\":[{\"@type\":\"SearchAction\",\"target\":{\"@type\":\"EntryPoint\",\"urlTemplate\":\"https:\/\/www.automobiles-caveng.ch\/centre-occasion\/?s={search_term_string}\"},\"query-input\":{\"@type\":\"PropertyValueSpecification\",\"valueRequired\":true,\"valueName\":\"search_term_string\"}}],\"inLanguage\":\"fr-FR\"},{\"@type\":\"Organization\",\"@id\":\"https:\/\/www.automobiles-caveng.ch\/centre-occasion\/#organization\",\"name\":\"Centre Occasions Mercedes-Benz Certified Gen\u00e8ve\",\"url\":\"https:\/\/www.automobiles-caveng.ch\/centre-occasion\/\",\"logo\":{\"@type\":\"ImageObject\",\"inLanguage\":\"fr-FR\",\"@id\":\"https:\/\/www.automobiles-caveng.ch\/centre-occasion\/#\/schema\/logo\/image\/\",\"url\":\"https:\/\/www.automobiles-caveng.ch\/centre-occasion\/wp-content\/uploads\/2023\/08\/Caveng-logo-noir-copie-2.png\",\"contentUrl\":\"https:\/\/www.automobiles-caveng.ch\/centre-occasion\/wp-content\/uploads\/2023\/08\/Caveng-logo-noir-copie-2.png\",\"width\":3067,\"height\":1277,\"caption\":\"Centre Occasions Mercedes-Benz Certified Gen\u00e8ve\"},\"image\":{\"@id\":\"https:\/\/www.automobiles-caveng.ch\/centre-occasion\/#\/schema\/logo\/image\/\"},\"sameAs\":[\"https:\/\/www.facebook.com\/centreoccasionscaveng\/\",\"https:\/\/www.tiktok.com\/@centreoccasionscaveng?is_from_webapp=1&sender_device=pc\",\"https:\/\/www.instagram.com\/centre_occasions_caveng\/\"]}]}<\/script>\n<!-- \/ Yoast SEO plugin. -->","yoast_head_json":{"title":"Stock v\u00e9hicules neufs | Centre Occasions Mercedes-Benz Certified Gen\u00e8ve","description":"D\u00e9couvrez d\u00e8s maintenant tous les v\u00e9hicules en stock disponibles et profitez de conditions de leasing attrayants.","robots":{"index":"index","follow":"follow","max-snippet":"max-snippet:-1","max-image-preview":"max-image-preview:large","max-video-preview":"max-video-preview:-1"},"canonical":"https:\/\/www.automobiles-caveng.ch\/centre-occasion\/stock-vehicules-neufs\/","og_locale":"fr_FR","og_type":"article","og_title":"Stock v\u00e9hicules neufs | Centre Occasions Mercedes-Benz Certified Gen\u00e8ve","og_description":"D\u00e9couvrez d\u00e8s maintenant tous les v\u00e9hicules en stock disponibles et profitez de conditions de leasing attrayants.","og_url":"https:\/\/www.automobiles-caveng.ch\/centre-occasion\/stock-vehicules-neufs\/","og_site_name":"Centre Occasions Mercedes-Benz Certified Gen\u00e8ve","article_publisher":"https:\/\/www.facebook.com\/centreoccasionscaveng\/","article_modified_time":"2026-03-17T16:00:32+00:00","og_image":[{"width":1928,"height":1293,"url":"https:\/\/www.automobiles-caveng.ch\/centre-occasion\/wp-content\/uploads\/2023\/07\/SL-AMG.jpg","type":"image\/jpeg"}],"twitter_card":"summary_large_image","twitter_misc":{"Dur\u00e9e de lecture estim\u00e9e":"1 minute"},"schema":{"@context":"https:\/\/schema.org","@graph":[{"@type":"WebPage","@id":"https:\/\/www.automobiles-caveng.ch\/centre-occasion\/stock-vehicules-neufs\/","url":"https:\/\/www.automobiles-caveng.ch\/centre-occasion\/stock-vehicules-neufs\/","name":"Stock v\u00e9hicules neufs | Centre Occasions Mercedes-Benz Certified Gen\u00e8ve","isPartOf":{"@id":"https:\/\/www.automobiles-caveng.ch\/centre-occasion\/#website"},"datePublished":"2023-06-08T10:48:19+00:00","dateModified":"2026-03-17T16:00:32+00:00","description":"D\u00e9couvrez d\u00e8s maintenant tous les v\u00e9hicules en stock disponibles et profitez de conditions de leasing attrayants.","breadcrumb":{"@id":"https:\/\/www.automobiles-caveng.ch\/centre-occasion\/stock-vehicules-neufs\/#breadcrumb"},"inLanguage":"fr-FR","potentialAction":[{"@type":"ReadAction","target":["https:\/\/www.automobiles-caveng.ch\/centre-occasion\/stock-vehicules-neufs\/"]}]},{"@type":"BreadcrumbList","@id":"https:\/\/www.automobiles-caveng.ch\/centre-occasion\/stock-vehicules-neufs\/#breadcrumb","itemListElement":[{"@type":"ListItem","position":1,"name":"Accueil","item":"https:\/\/www.automobiles-caveng.ch\/centre-occasion\/"},{"@type":"ListItem","position":2,"name":"Stock v\u00e9hicules neufs"}]},{"@type":"WebSite","@id":"https:\/\/www.automobiles-caveng.ch\/centre-occasion\/#website","url":"https:\/\/www.automobiles-caveng.ch\/centre-occasion\/","name":"Centre Occasions Mercedes-Benz Certified Gen\u00e8ve","description":"","publisher":{"@id":"https:\/\/www.automobiles-caveng.ch\/centre-occasion\/#organization"},"potentialAction":[{"@type":"SearchAction","target":{"@type":"EntryPoint","urlTemplate":"https:\/\/www.automobiles-caveng.ch\/centre-occasion\/?s={search_term_string}"},"query-input":{"@type":"PropertyValueSpecification","valueRequired":true,"valueName":"search_term_string"}}],"inLanguage":"fr-FR"},{"@type":"Organization","@id":"https:\/\/www.automobiles-caveng.ch\/centre-occasion\/#organization","name":"Centre Occasions Mercedes-Benz Certified Gen\u00e8ve","url":"https:\/\/www.automobiles-caveng.ch\/centre-occasion\/","logo":{"@type":"ImageObject","inLanguage":"fr-FR","@id":"https:\/\/www.automobiles-caveng.ch\/centre-occasion\/#\/schema\/logo\/image\/","url":"https:\/\/www.automobiles-caveng.ch\/centre-occasion\/wp-content\/uploads\/2023\/08\/Caveng-logo-noir-copie-2.png","contentUrl":"https:\/\/www.automobiles-caveng.ch\/centre-occasion\/wp-content\/uploads\/2023\/08\/Caveng-logo-noir-copie-2.png","width":3067,"height":1277,"caption":"Centre Occasions Mercedes-Benz Certified Gen\u00e8ve"},"image":{"@id":"https:\/\/www.automobiles-caveng.ch\/centre-occasion\/#\/schema\/logo\/image\/"},"sameAs":["https:\/\/www.facebook.com\/centreoccasionscaveng\/","https:\/\/www.tiktok.com\/@centreoccasionscaveng?is_from_webapp=1&sender_device=pc","https:\/\/www.instagram.com\/centre_occasions_caveng\/"]}]}},"_links":{"self":[{"href":"https:\/\/www.automobiles-caveng.ch\/centre-occasion\/wp-json\/wp\/v2\/pages\/9072","targetHints":{"allow":["GET"]}}],"collection":[{"href":"https:\/\/www.automobiles-caveng.ch\/centre-occasion\/wp-json\/wp\/v2\/pages"}],"about":[{"href":"https:\/\/www.automobiles-caveng.ch\/centre-occasion\/wp-json\/wp\/v2\/types\/page"}],"author":[{"embeddable":true,"href":"https:\/\/www.automobiles-caveng.ch\/centre-occasion\/wp-json\/wp\/v2\/users\/1"}],"replies":[{"embeddable":true,"href":"https:\/\/www.automobiles-caveng.ch\/centre-occasion\/wp-json\/wp\/v2\/comments?post=9072"}],"version-history":[{"count":6,"href":"https:\/\/www.automobiles-caveng.ch\/centre-occasion\/wp-json\/wp\/v2\/pages\/9072\/revisions"}],"predecessor-version":[{"id":12354,"href":"https:\/\/www.automobiles-caveng.ch\/centre-occasion\/wp-json\/wp\/v2\/pages\/9072\/revisions\/12354"}],"wp:attachment":[{"href":"https:\/\/www.automobiles-caveng.ch\/centre-occasion\/wp-json\/wp\/v2\/media?parent=9072"}],"curies":[{"name":"wp","href":"https:\/\/api.w.org\/{rel}","templated":true}]}}